{"id":896,"date":"2021-11-30T13:35:59","date_gmt":"2021-11-30T13:35:59","guid":{"rendered":"http:\/\/176.32.230.6\/heimdall.se\/?page_id=896"},"modified":"2023-01-31T13:29:56","modified_gmt":"2023-01-31T13:29:56","slug":"massagolv","status":"publish","type":"page","link":"http:\/\/176.32.230.6\/heimdall.se\/massagolv\/","title":{"rendered":"Massagolv"},"content":{"rendered":"\t\t<div data-elementor-type=\"wp-page\" data-elementor-id=\"896\" class=\"elementor elementor-896\">\n\t\t\t\t\t\t<section class=\"elementor-section elementor-top-section elementor-element elementor-element-6a0d5e58 elementor-section-boxed elementor-section-height-default elementor-section-height-default\" data-id=\"6a0d5e58\" data-element_type=\"section\" data-e-type=\"section\">\n\t\t\t\t\t\t<div class=\"elementor-container elementor-column-gap-default\">\n\t\t\t\t\t<div class=\"elementor-column elementor-col-100 elementor-top-column elementor-element elementor-element-19ae10a5\" data-id=\"19ae10a5\" data-element_type=\"column\" data-e-type=\"column\">\n\t\t\t<div class=\"elementor-widget-wrap elementor-element-populated\">\n\t\t\t\t\t\t<div class=\"elementor-element elementor-element-1b9a9068 elementor-widget elementor-widget-heading\" data-id=\"1b9a9068\" data-element_type=\"widget\" data-e-type=\"widget\" data-widget_type=\"heading.default\">\n\t\t\t\t<div class=\"elementor-widget-container\">\n\t\t\t\t\t<h1 class=\"elementor-heading-title elementor-size-default\">Massagolv<\/h1>\t\t\t\t<\/div>\n\t\t\t\t<\/div>\n\t\t\t\t<div class=\"elementor-element elementor-element-15c7598d elementor-widget elementor-widget-text-editor\" data-id=\"15c7598d\" data-element_type=\"widget\" data-e-type=\"widget\" data-widget_type=\"text-editor.default\">\n\t\t\t\t<div class=\"elementor-widget-container\">\n\t\t\t\t\t\t\t\t\t<p>Med massagolv menar vi h\u00e4rdplaster som h\u00e4rdar efter l\u00e4ggning. Det \u00e4r ett samlingsnamn f\u00f6r flera av v\u00e5ra materialtyper: epoxi, akryl och polyuretan. I j\u00e4mf\u00f6relse med betonggolv s\u00e5 finns flera f\u00f6rdelar. Framf\u00f6rallt \u00e4r det hygieniskt och t\u00e5ligt mot kemikalier men det finns ocks\u00e5 stor variation i b\u00e5de funktion och utseende. F\u00e4rgvalen \u00e4r o\u00e4ndliga och golvet kan g\u00f6ras med struktur f\u00f6r halkskydd. P\u00e5 Heimdall kan vi installera massagolv p\u00e5 betong, asfalt, tr\u00e4 och metall.\u00a0<\/p><p>Det finns dock nackdelar. Skjuter det p\u00e5 fukt fr\u00e5n undergolvet kan ytskiktet spricka. I dessa fall rekommenderar vi Sikafloor HyCem (se cementmassa nedan), som kan l\u00e4ggas p\u00e5 fuktig betong. Ett annat alternativ \u00e4r att f\u00f6r\u00e4ndra den befintliga betongytan och skapa ett\u00a0<a href=\"http:\/\/176.32.230.6\/heimdall.se\/htc-superfloor\/\">HTC Superfloor<\/a>.\u00a0<\/p>\t\t\t\t\t\t\t\t<\/div>\n\t\t\t\t<\/div>\n\t\t\t\t<div class=\"elementor-element elementor-element-ec6faaa elementor-widget elementor-widget-button\" data-id=\"ec6faaa\" data-element_type=\"widget\" data-e-type=\"widget\" data-widget_type=\"button.default\">\n\t\t\t\t<div class=\"elementor-widget-container\">\n\t\t\t\t\t\t\t\t\t<div class=\"elementor-button-wrapper\">\n\t\t\t\t\t<a class=\"elementor-button elementor-button-link elementor-size-md\" href=\"http:\/\/176.32.230.6\/heimdall.se\/offert\/\">\n\t\t\t\t\t\t<span class=\"elementor-button-content-wrapper\">\n\t\t\t\t\t\t<span class=\"elementor-button-icon\">\n\t\t\t\t<i aria-hidden=\"true\" class=\"fas fa-angle-double-right\"><\/i>\t\t\t<\/span>\n\t\t\t\t\t\t\t\t\t<span class=\"elementor-button-text\">Offertf\u00f6rfr\u00e5gan<\/span>\n\t\t\t\t\t<\/span>\n\t\t\t\t\t<\/a>\n\t\t\t\t<\/div>\n\t\t\t\t\t\t\t\t<\/div>\n\t\t\t\t<\/div>\n\t\t\t\t<div class=\"elementor-element elementor-element-4cb5fa59 elementor-widget elementor-widget-image\" data-id=\"4cb5fa59\" data-element_type=\"widget\" data-e-type=\"widget\" data-widget_type=\"image.default\">\n\t\t\t\t<div class=\"elementor-widget-container\">\n\t\t\t\t\t\t\t\t\t\t\t\t\t\t\t<img fetchpriority=\"high\" decoding=\"async\" width=\"800\" height=\"600\" src=\"http:\/\/176.32.230.6\/heimdall.se\/wp-content\/uploads\/2022\/08\/massagolv-heimdall-gavle-1024x768.jpg\" class=\"attachment-large size-large wp-image-1204\" alt=\"massagolv heimdall g\u00e4vle\" srcset=\"http:\/\/176.32.230.6\/heimdall.se\/wp-content\/uploads\/2022\/08\/massagolv-heimdall-gavle-1024x768.jpg 1024w, http:\/\/176.32.230.6\/heimdall.se\/wp-content\/uploads\/2022\/08\/massagolv-heimdall-gavle-300x225.jpg 300w, http:\/\/176.32.230.6\/heimdall.se\/wp-content\/uploads\/2022\/08\/massagolv-heimdall-gavle-768x576.jpg 768w, http:\/\/176.32.230.6\/heimdall.se\/wp-content\/uploads\/2022\/08\/massagolv-heimdall-gavle.jpg 1366w\" sizes=\"(max-width: 800px) 100vw, 800px\" \/>\t\t\t\t\t\t\t\t\t\t\t\t\t\t\t<\/div>\n\t\t\t\t<\/div>\n\t\t\t\t<div class=\"elementor-element elementor-element-7c1af20a elementor-widget elementor-widget-text-editor\" data-id=\"7c1af20a\" data-element_type=\"widget\" data-e-type=\"widget\" data-widget_type=\"text-editor.default\">\n\t\t\t\t<div class=\"elementor-widget-container\">\n\t\t\t\t\t\t\t\t\t<h2>Fyra materialtyper<\/h2><ul><li><strong>Epoxiplast &#8211;\u00a0<\/strong>Den vanligaste typen av plast vi anv\u00e4nder. Mer flexibel i funktion och f\u00e4rg \u00e4n andra h\u00e4rdplaster. Antalet olika golvsystem \u00e4r enormt men vi rekommenderar Compactgolven.\u00a0<\/li><li><strong>Akrylplast &#8211;\u00a0<\/strong><span class=\"\">Akrylen har extremt kort h\u00e4rdningstid. Efter att golvet \u00e4r lagt tar det i snitt enbart tv\u00e5 timmar innan man kan g\u00e5 p\u00e5 golvet. \u00a0Ett golvsystem vi rekommenderar \u00e4r Flowcrete Duracon.<\/span><\/li><li><strong>Polyuretanplast &#8211;\u00a0<\/strong>Polyuretanplasten \u00a0\u00e4r mekaniskt flexibel. Det betyder att den \u00e4r\u00a0strykt\u00e5ligare\u00a0och d\u00e4rf\u00f6r rekommenderar vi den i industriella och publika milj\u00f6er d\u00e4r punktbelastningen \u00e4r h\u00f6g. Exempelvis parkeringshus. Vanliga system \u00e4r Sika Cardeck Elastic och Flowcrete Deckshield ID<\/li><li><strong>Cementmassa<\/strong>\u00a0&#8211;\u00a0Cementbaserad massa n\u00e5r m\u00e5nga av de mekaniska kraven som traditionell h\u00e4rdplast g\u00f6r men \u00e4r betydligt mer milj\u00f6v\u00e4nlig. Vi rekommenderar bland annat Sikafloor HyCem och Sikafloor EpoCem<\/li><\/ul><div class=\"\">\u00a0<\/div>\t\t\t\t\t\t\t\t<\/div>\n\t\t\t\t<\/div>\n\t\t\t\t<section class=\"elementor-section elementor-inner-section elementor-element elementor-element-5b4c511c elementor-section-boxed elementor-section-height-default elementor-section-height-default\" data-id=\"5b4c511c\" data-element_type=\"section\" data-e-type=\"section\">\n\t\t\t\t\t\t<div class=\"elementor-container elementor-column-gap-no\">\n\t\t\t\t\t<div class=\"elementor-column elementor-col-33 elementor-inner-column elementor-element elementor-element-13b8856d\" data-id=\"13b8856d\" data-element_type=\"column\" data-e-type=\"column\">\n\t\t\t<div class=\"elementor-widget-wrap elementor-element-populated\">\n\t\t\t\t\t\t<div class=\"elementor-element elementor-element-6a5eb51e elementor-cta--skin-cover elementor-bg-transform elementor-bg-transform-zoom-in elementor-widget elementor-widget-call-to-action\" data-id=\"6a5eb51e\" data-element_type=\"widget\" data-e-type=\"widget\" data-widget_type=\"call-to-action.default\">\n\t\t\t\t<div class=\"elementor-widget-container\">\n\t\t\t\t\t\t\t<a class=\"elementor-cta\" href=\"http:\/\/176.32.230.6\/heimdall.se\/epoxigolv\/\">\n\t\t\t\t\t<div class=\"elementor-cta__bg-wrapper\">\n\t\t\t\t<div class=\"elementor-cta__bg elementor-bg\" style=\"background-image: url(http:\/\/176.32.230.6\/heimdall.se\/wp-content\/uploads\/2022\/08\/epoxigolv-heimdall-ab.jpg);\"><\/div>\n\t\t\t\t<div class=\"elementor-cta__bg-overlay\"><\/div>\n\t\t\t<\/div>\n\t\t\t\t\t\t\t<div class=\"elementor-cta__content\">\n\t\t\t\t\n\t\t\t\t<h2 class=\"elementor-cta__title elementor-cta__content-item elementor-content-item\">Epoxigolv<\/h2>\n\t\t\t\t\n\t\t\t\t\t\t\t<\/div>\n\t\t\t\t\t\t<\/a>\n\t\t\t\t\t\t<\/div>\n\t\t\t\t<\/div>\n\t\t\t\t\t<\/div>\n\t\t<\/div>\n\t\t\t\t<div class=\"elementor-column elementor-col-33 elementor-inner-column elementor-element elementor-element-2b95ea29\" data-id=\"2b95ea29\" data-element_type=\"column\" data-e-type=\"column\">\n\t\t\t<div class=\"elementor-widget-wrap elementor-element-populated\">\n\t\t\t\t\t\t<div class=\"elementor-element elementor-element-e65aa9d elementor-cta--skin-cover elementor-bg-transform elementor-bg-transform-zoom-in elementor-widget elementor-widget-call-to-action\" data-id=\"e65aa9d\" data-element_type=\"widget\" data-e-type=\"widget\" data-widget_type=\"call-to-action.default\">\n\t\t\t\t<div class=\"elementor-widget-container\">\n\t\t\t\t\t\t\t<a class=\"elementor-cta\" href=\"http:\/\/176.32.230.6\/heimdall.se\/akrylgolv\/\">\n\t\t\t\t\t<div class=\"elementor-cta__bg-wrapper\">\n\t\t\t\t<div class=\"elementor-cta__bg elementor-bg\" style=\"background-image: url(http:\/\/176.32.230.6\/heimdall.se\/wp-content\/uploads\/2021\/11\/Massagolv-1.jpg);\"><\/div>\n\t\t\t\t<div class=\"elementor-cta__bg-overlay\"><\/div>\n\t\t\t<\/div>\n\t\t\t\t\t\t\t<div class=\"elementor-cta__content\">\n\t\t\t\t\n\t\t\t\t<h2 class=\"elementor-cta__title elementor-cta__content-item elementor-content-item\">Akrylgolv<\/h2>\n\t\t\t\t\n\t\t\t\t\t\t\t<\/div>\n\t\t\t\t\t\t<\/a>\n\t\t\t\t\t\t<\/div>\n\t\t\t\t<\/div>\n\t\t\t\t\t<\/div>\n\t\t<\/div>\n\t\t\t\t<div class=\"elementor-column elementor-col-33 elementor-inner-column elementor-element elementor-element-2c453cf1\" data-id=\"2c453cf1\" data-element_type=\"column\" data-e-type=\"column\">\n\t\t\t<div class=\"elementor-widget-wrap elementor-element-populated\">\n\t\t\t\t\t\t<div class=\"elementor-element elementor-element-2613d946 elementor-cta--skin-cover elementor-bg-transform elementor-bg-transform-zoom-in elementor-widget elementor-widget-call-to-action\" data-id=\"2613d946\" data-element_type=\"widget\" data-e-type=\"widget\" data-widget_type=\"call-to-action.default\">\n\t\t\t\t<div class=\"elementor-widget-container\">\n\t\t\t\t\t\t\t<a class=\"elementor-cta\" href=\"http:\/\/176.32.230.6\/heimdall.se\/polyuretan-och-parkeringshus\/\">\n\t\t\t\t\t<div class=\"elementor-cta__bg-wrapper\">\n\t\t\t\t<div class=\"elementor-cta__bg elementor-bg\" style=\"background-image: url(http:\/\/176.32.230.6\/heimdall.se\/wp-content\/uploads\/2022\/08\/polyuretan-och-parkeringshus.jpg);\"><\/div>\n\t\t\t\t<div class=\"elementor-cta__bg-overlay\"><\/div>\n\t\t\t<\/div>\n\t\t\t\t\t\t\t<div class=\"elementor-cta__content\">\n\t\t\t\t\n\t\t\t\t<h2 class=\"elementor-cta__title elementor-cta__content-item elementor-content-item\">Polyuretan & Parkeringshus<\/h2>\n\t\t\t\t\n\t\t\t\t\t\t\t<\/div>\n\t\t\t\t\t\t<\/a>\n\t\t\t\t\t\t<\/div>\n\t\t\t\t<\/div>\n\t\t\t\t\t<\/div>\n\t\t<\/div>\n\t\t\t\t\t<\/div>\n\t\t<\/section>\n\t\t\t\t\t<\/div>\n\t\t<\/div>\n\t\t\t\t\t<\/div>\n\t\t<\/section>\n\t\t\t\t<\/div>\n\t\t","protected":false},"excerpt":{"rendered":"<p>Massagolv Med massagolv menar vi h\u00e4rdplaster som h\u00e4rdar efter l\u00e4ggning. Det \u00e4r ett samlingsnamn f\u00f6r flera av v\u00e5ra materialtyper: epoxi, akryl och polyuretan. I j\u00e4mf\u00f6relse med betonggolv s\u00e5 finns flera f\u00f6rdelar. Framf\u00f6rallt \u00e4r det hygieniskt och t\u00e5ligt mot kemikalier men det finns ocks\u00e5 stor variation i b\u00e5de funktion och utseende. F\u00e4rgvalen \u00e4r o\u00e4ndliga och golvet [&hellip;]<\/p>\n","protected":false},"author":3,"featured_media":0,"parent":0,"menu_order":0,"comment_status":"closed","ping_status":"closed","template":"elementor_header_footer","meta":{"footnotes":""},"class_list":["post-896","page","type-page","status-publish","hentry"],"_links":{"self":[{"href":"http:\/\/176.32.230.6\/heimdall.se\/wp-json\/wp\/v2\/pages\/896","targetHints":{"allow":["GET"]}}],"collection":[{"href":"http:\/\/176.32.230.6\/heimdall.se\/wp-json\/wp\/v2\/pages"}],"about":[{"href":"http:\/\/176.32.230.6\/heimdall.se\/wp-json\/wp\/v2\/types\/page"}],"author":[{"embeddable":true,"href":"http:\/\/176.32.230.6\/heimdall.se\/wp-json\/wp\/v2\/users\/3"}],"replies":[{"embeddable":true,"href":"http:\/\/176.32.230.6\/heimdall.se\/wp-json\/wp\/v2\/comments?post=896"}],"version-history":[{"count":44,"href":"http:\/\/176.32.230.6\/heimdall.se\/wp-json\/wp\/v2\/pages\/896\/revisions"}],"predecessor-version":[{"id":1842,"href":"http:\/\/176.32.230.6\/heimdall.se\/wp-json\/wp\/v2\/pages\/896\/revisions\/1842"}],"wp:attachment":[{"href":"http:\/\/176.32.230.6\/heimdall.se\/wp-json\/wp\/v2\/media?parent=896"}],"curies":[{"name":"wp","href":"https:\/\/api.w.org\/{rel}","templated":true}]}}