{"id":54,"date":"2021-03-04T12:01:53","date_gmt":"2021-03-04T12:01:53","guid":{"rendered":"http:\/\/176.32.230.6\/heimdall.se\/?page_id=54"},"modified":"2023-11-13T12:43:18","modified_gmt":"2023-11-13T12:43:18","slug":"kontakt","status":"publish","type":"page","link":"http:\/\/176.32.230.6\/heimdall.se\/kontakt\/","title":{"rendered":"Kontakt"},"content":{"rendered":"\t\t<div data-elementor-type=\"wp-page\" data-elementor-id=\"54\" class=\"elementor elementor-54\">\n\t\t\t\t\t\t<section class=\"elementor-section elementor-top-section elementor-element elementor-element-289be0c elementor-section-boxed elementor-section-height-default elementor-section-height-default\" data-id=\"289be0c\" data-element_type=\"section\" data-e-type=\"section\" data-settings=\"{&quot;background_background&quot;:&quot;classic&quot;}\">\n\t\t\t\t\t\t\t<div class=\"elementor-background-overlay\"><\/div>\n\t\t\t\t\t\t\t<div class=\"elementor-container elementor-column-gap-default\">\n\t\t\t\t\t<div class=\"elementor-column elementor-col-100 elementor-top-column elementor-element elementor-element-d8d9e3e\" data-id=\"d8d9e3e\" data-element_type=\"column\" data-e-type=\"column\">\n\t\t\t<div class=\"elementor-widget-wrap elementor-element-populated\">\n\t\t\t\t\t\t<div class=\"elementor-element elementor-element-0eae27f elementor-widget elementor-widget-heading\" data-id=\"0eae27f\" data-element_type=\"widget\" data-e-type=\"widget\" data-widget_type=\"heading.default\">\n\t\t\t\t<div class=\"elementor-widget-container\">\n\t\t\t\t\t<h1 class=\"elementor-heading-title elementor-size-default\">Kontakta oss<\/h1>\t\t\t\t<\/div>\n\t\t\t\t<\/div>\n\t\t\t\t<div class=\"elementor-element elementor-element-f097a84 elementor-widget elementor-widget-text-editor\" data-id=\"f097a84\" data-element_type=\"widget\" data-e-type=\"widget\" data-widget_type=\"text-editor.default\">\n\t\t\t\t<div class=\"elementor-widget-container\">\n\t\t\t\t\t\t\t\t\t<p>V\u00e4lkommen att kontakta oss med dina fr\u00e5gor och funderingar!<\/p><p>V\u00e4xel: 010- 180 09 00<\/p><p>Epost:\u00a0<a href=\"mailto:info@heimdall.se\">info@heimdall.se<\/a><\/p>\t\t\t\t\t\t\t\t<\/div>\n\t\t\t\t<\/div>\n\t\t\t\t\t<\/div>\n\t\t<\/div>\n\t\t\t\t\t<\/div>\n\t\t<\/section>\n\t\t\t\t<section class=\"elementor-section elementor-top-section elementor-element elementor-element-84ad9d7 elementor-section-boxed elementor-section-height-default elementor-section-height-default\" data-id=\"84ad9d7\" data-element_type=\"section\" data-e-type=\"section\">\n\t\t\t\t\t\t<div class=\"elementor-container elementor-column-gap-default\">\n\t\t\t\t\t<div class=\"elementor-column elementor-col-25 elementor-top-column elementor-element elementor-element-692392f\" data-id=\"692392f\" data-element_type=\"column\" data-e-type=\"column\">\n\t\t\t<div class=\"elementor-widget-wrap elementor-element-populated\">\n\t\t\t\t\t\t<div class=\"elementor-element elementor-element-0532e04 elementor-widget elementor-widget-heading\" data-id=\"0532e04\" data-element_type=\"widget\" data-e-type=\"widget\" data-widget_type=\"heading.default\">\n\t\t\t\t<div class=\"elementor-widget-container\">\n\t\t\t\t\t<h2 class=\"elementor-heading-title elementor-size-default\">Erik Hasselberg<\/h2>\t\t\t\t<\/div>\n\t\t\t\t<\/div>\n\t\t\t\t<div class=\"elementor-element elementor-element-427c9b6 elementor-widget elementor-widget-text-editor\" data-id=\"427c9b6\" data-element_type=\"widget\" data-e-type=\"widget\" data-widget_type=\"text-editor.default\">\n\t\t\t\t<div class=\"elementor-widget-container\">\n\t\t\t\t\t\t\t\t\t<p>\u00c4gare, f\u00f6rs\u00e4ljning &amp; projektledning\u00a0<br \/>010 &#8211; 180 09 01<br \/><a href=\"mailto:erik@heimdall.se\">erik@heimdall.se<\/a><\/p>\t\t\t\t\t\t\t\t<\/div>\n\t\t\t\t<\/div>\n\t\t\t\t\t<\/div>\n\t\t<\/div>\n\t\t\t\t<div class=\"elementor-column elementor-col-25 elementor-top-column elementor-element elementor-element-b0a3817\" data-id=\"b0a3817\" data-element_type=\"column\" data-e-type=\"column\">\n\t\t\t<div class=\"elementor-widget-wrap elementor-element-populated\">\n\t\t\t\t\t\t<div class=\"elementor-element elementor-element-7852cc9 elementor-widget elementor-widget-heading\" data-id=\"7852cc9\" data-element_type=\"widget\" data-e-type=\"widget\" data-widget_type=\"heading.default\">\n\t\t\t\t<div class=\"elementor-widget-container\">\n\t\t\t\t\t<h2 class=\"elementor-heading-title elementor-size-default\">G\u00f6ran Anshagen<\/h2>\t\t\t\t<\/div>\n\t\t\t\t<\/div>\n\t\t\t\t<div class=\"elementor-element elementor-element-b54b9ef elementor-widget elementor-widget-text-editor\" data-id=\"b54b9ef\" data-element_type=\"widget\" data-e-type=\"widget\" data-widget_type=\"text-editor.default\">\n\t\t\t\t<div class=\"elementor-widget-container\">\n\t\t\t\t\t\t\t\t\t<p>\u00c4gare<br \/>010 &#8211; 180 09 02<br \/><a href=\"mailto:goran@heimdall.se\">goran@heimdall.se<\/a><\/p>\t\t\t\t\t\t\t\t<\/div>\n\t\t\t\t<\/div>\n\t\t\t\t\t<\/div>\n\t\t<\/div>\n\t\t\t\t<div class=\"elementor-column elementor-col-25 elementor-top-column elementor-element elementor-element-45c1253\" data-id=\"45c1253\" data-element_type=\"column\" data-e-type=\"column\">\n\t\t\t<div class=\"elementor-widget-wrap elementor-element-populated\">\n\t\t\t\t\t\t<div class=\"elementor-element elementor-element-0fa55f1 elementor-widget elementor-widget-heading\" data-id=\"0fa55f1\" data-element_type=\"widget\" data-e-type=\"widget\" data-widget_type=\"heading.default\">\n\t\t\t\t<div class=\"elementor-widget-container\">\n\t\t\t\t\t<h2 class=\"elementor-heading-title elementor-size-default\">Saman Gafor<\/h2>\t\t\t\t<\/div>\n\t\t\t\t<\/div>\n\t\t\t\t<div class=\"elementor-element elementor-element-ff23376 elementor-widget elementor-widget-text-editor\" data-id=\"ff23376\" data-element_type=\"widget\" data-e-type=\"widget\" data-widget_type=\"text-editor.default\">\n\t\t\t\t<div class=\"elementor-widget-container\">\n\t\t\t\t\t\t\t\t\t<p>Projektledare<br \/>010-180 09 04<br \/><a href=\"mailto:saman@heimdall.se\">saman@heimdall.se<\/a><\/p>\t\t\t\t\t\t\t\t<\/div>\n\t\t\t\t<\/div>\n\t\t\t\t\t<\/div>\n\t\t<\/div>\n\t\t\t\t<div class=\"elementor-column elementor-col-25 elementor-top-column elementor-element elementor-element-ec2e38c\" data-id=\"ec2e38c\" data-element_type=\"column\" data-e-type=\"column\">\n\t\t\t<div class=\"elementor-widget-wrap\">\n\t\t\t\t\t\t\t<\/div>\n\t\t<\/div>\n\t\t\t\t\t<\/div>\n\t\t<\/section>\n\t\t\t\t<section class=\"elementor-section elementor-top-section elementor-element elementor-element-aefb726 elementor-section-boxed elementor-section-height-default elementor-section-height-default\" data-id=\"aefb726\" data-element_type=\"section\" data-e-type=\"section\" data-settings=\"{&quot;background_background&quot;:&quot;classic&quot;}\">\n\t\t\t\t\t\t<div class=\"elementor-container elementor-column-gap-default\">\n\t\t\t\t\t<div class=\"elementor-column elementor-col-50 elementor-top-column elementor-element elementor-element-d74ea99\" data-id=\"d74ea99\" data-element_type=\"column\" data-e-type=\"column\" data-settings=\"{&quot;background_background&quot;:&quot;classic&quot;}\">\n\t\t\t<div class=\"elementor-widget-wrap elementor-element-populated\">\n\t\t\t\t\t\t<div class=\"elementor-element elementor-element-339c858 elementor-widget elementor-widget-text-editor\" data-id=\"339c858\" data-element_type=\"widget\" data-e-type=\"widget\" data-widget_type=\"text-editor.default\">\n\t\t\t\t<div class=\"elementor-widget-container\">\n\t\t\t\t\t\t\t\t\t<p><strong>Huvudkontor Ljusdal<\/strong><br \/>Heimdall Industrigolv AB<br \/>Borrv\u00e4gen 60<br \/>827 94\u00a0Ljusdal<\/p><p>\u00a0<\/p><p><strong>Bes\u00f6ksadress G\u00e4vle<\/strong><br \/>Heimdall Industrigolv AB<br \/>Kryddstigen 35<br \/>802 92 G\u00e4vle<\/p><p>\u00a0<\/p><p><strong>Bes\u00f6ksadress Stockholm<\/strong><br \/>Heimdall Industrigolv AB<br \/>Johannesfredsv\u00e4gen 12<br \/>169 69 Bromma<\/p>\t\t\t\t\t\t\t\t<\/div>\n\t\t\t\t<\/div>\n\t\t\t\t\t<\/div>\n\t\t<\/div>\n\t\t\t\t<div class=\"elementor-column elementor-col-50 elementor-top-column elementor-element elementor-element-f1791e4\" data-id=\"f1791e4\" data-element_type=\"column\" data-e-type=\"column\">\n\t\t\t<div class=\"elementor-widget-wrap elementor-element-populated\">\n\t\t\t\t\t\t<div class=\"elementor-element elementor-element-f12ee4d elementor-widget elementor-widget-google_maps\" data-id=\"f12ee4d\" data-element_type=\"widget\" data-e-type=\"widget\" data-widget_type=\"google_maps.default\">\n\t\t\t\t<div class=\"elementor-widget-container\">\n\t\t\t\t\t\t\t<div class=\"elementor-custom-embed\">\n\t\t\t<iframe loading=\"lazy\"\n\t\t\t\t\tsrc=\"https:\/\/maps.google.com\/maps?q=Borrv%C3%A4gen%2060%2C%20Ljusdal&#038;t=m&#038;z=10&#038;output=embed&#038;iwloc=near\"\n\t\t\t\t\ttitle=\"Borrv\u00e4gen 60, Ljusdal\"\n\t\t\t\t\taria-label=\"Borrv\u00e4gen 60, Ljusdal\"\n\t\t\t><\/iframe>\n\t\t<\/div>\n\t\t\t\t\t\t<\/div>\n\t\t\t\t<\/div>\n\t\t\t\t\t<\/div>\n\t\t<\/div>\n\t\t\t\t\t<\/div>\n\t\t<\/section>\n\t\t\t\t<\/div>\n\t\t","protected":false},"excerpt":{"rendered":"<p>Kontakta oss V\u00e4lkommen att kontakta oss med dina fr\u00e5gor och funderingar! V\u00e4xel: 010- 180 09 00 Epost:\u00a0info@heimdall.se Erik Hasselberg \u00c4gare, f\u00f6rs\u00e4ljning &amp; projektledning\u00a0010 &#8211; 180 09 01erik@heimdall.se G\u00f6ran Anshagen \u00c4gare010 &#8211; 180 09 02goran@heimdall.se Saman Gafor Projektledare010-180 09 04saman@heimdall.se Huvudkontor LjusdalHeimdall Industrigolv ABBorrv\u00e4gen 60827 94\u00a0Ljusdal \u00a0 Bes\u00f6ksadress G\u00e4vleHeimdall Industrigolv ABKryddstigen 35802 92 G\u00e4vle \u00a0 Bes\u00f6ksadress [&hellip;]<\/p>\n","protected":false},"author":3,"featured_media":0,"parent":0,"menu_order":0,"comment_status":"closed","ping_status":"closed","template":"elementor_header_footer","meta":{"footnotes":""},"class_list":["post-54","page","type-page","status-publish","hentry"],"_links":{"self":[{"href":"http:\/\/176.32.230.6\/heimdall.se\/wp-json\/wp\/v2\/pages\/54","targetHints":{"allow":["GET"]}}],"collection":[{"href":"http:\/\/176.32.230.6\/heimdall.se\/wp-json\/wp\/v2\/pages"}],"about":[{"href":"http:\/\/176.32.230.6\/heimdall.se\/wp-json\/wp\/v2\/types\/page"}],"author":[{"embeddable":true,"href":"http:\/\/176.32.230.6\/heimdall.se\/wp-json\/wp\/v2\/users\/3"}],"replies":[{"embeddable":true,"href":"http:\/\/176.32.230.6\/heimdall.se\/wp-json\/wp\/v2\/comments?post=54"}],"version-history":[{"count":169,"href":"http:\/\/176.32.230.6\/heimdall.se\/wp-json\/wp\/v2\/pages\/54\/revisions"}],"predecessor-version":[{"id":2608,"href":"http:\/\/176.32.230.6\/heimdall.se\/wp-json\/wp\/v2\/pages\/54\/revisions\/2608"}],"wp:attachment":[{"href":"http:\/\/176.32.230.6\/heimdall.se\/wp-json\/wp\/v2\/media?parent=54"}],"curies":[{"name":"wp","href":"https:\/\/api.w.org\/{rel}","templated":true}]}}