{"id":50,"date":"2021-03-04T12:01:08","date_gmt":"2021-03-04T12:01:08","guid":{"rendered":"http:\/\/176.32.230.6\/heimdall.se\/?page_id=50"},"modified":"2023-02-20T14:03:40","modified_gmt":"2023-02-20T14:03:40","slug":"referenser","status":"publish","type":"page","link":"http:\/\/176.32.230.6\/heimdall.se\/referenser\/","title":{"rendered":"Projekt"},"content":{"rendered":"\t\t<div data-elementor-type=\"wp-page\" data-elementor-id=\"50\" class=\"elementor elementor-50\">\n\t\t\t\t\t\t<section class=\"elementor-section elementor-top-section elementor-element elementor-element-6f231e4 elementor-section-boxed elementor-section-height-default elementor-section-height-default\" data-id=\"6f231e4\" data-element_type=\"section\" data-e-type=\"section\" data-settings=\"{&quot;background_background&quot;:&quot;classic&quot;}\">\n\t\t\t\t\t\t\t<div class=\"elementor-background-overlay\"><\/div>\n\t\t\t\t\t\t\t<div class=\"elementor-container elementor-column-gap-default\">\n\t\t\t\t\t<div class=\"elementor-column elementor-col-100 elementor-top-column elementor-element elementor-element-ad7205a\" data-id=\"ad7205a\" data-element_type=\"column\" data-e-type=\"column\">\n\t\t\t<div class=\"elementor-widget-wrap elementor-element-populated\">\n\t\t\t\t\t\t<div class=\"elementor-element elementor-element-ff31467 animated-fast elementor-invisible elementor-widget elementor-widget-heading\" data-id=\"ff31467\" data-element_type=\"widget\" data-e-type=\"widget\" data-settings=\"{&quot;_animation&quot;:&quot;fadeInLeft&quot;}\" data-widget_type=\"heading.default\">\n\t\t\t\t<div class=\"elementor-widget-container\">\n\t\t\t\t\t<h2 class=\"elementor-heading-title elementor-size-default\">Projekt<\/h2>\t\t\t\t<\/div>\n\t\t\t\t<\/div>\n\t\t\t\t<div class=\"elementor-element elementor-element-a0ddbfe elementor-invisible elementor-widget elementor-widget-text-editor\" data-id=\"a0ddbfe\" data-element_type=\"widget\" data-e-type=\"widget\" data-settings=\"{&quot;_animation&quot;:&quot;fadeInLeft&quot;}\" data-widget_type=\"text-editor.default\">\n\t\t\t\t<div class=\"elementor-widget-container\">\n\t\t\t\t\t\t\t\t\t<p>Ett urval av v\u00e5ra referensprojekt<\/p>\t\t\t\t\t\t\t\t<\/div>\n\t\t\t\t<\/div>\n\t\t\t\t\t<\/div>\n\t\t<\/div>\n\t\t\t\t\t<\/div>\n\t\t<\/section>\n\t\t\t\t<section class=\"elementor-section elementor-top-section elementor-element elementor-element-7a10199 elementor-section-boxed elementor-section-height-default elementor-section-height-default\" data-id=\"7a10199\" data-element_type=\"section\" data-e-type=\"section\">\n\t\t\t\t\t\t<div class=\"elementor-container elementor-column-gap-default\">\n\t\t\t\t\t<div class=\"elementor-column elementor-col-100 elementor-top-column elementor-element elementor-element-6d90f47\" data-id=\"6d90f47\" data-element_type=\"column\" data-e-type=\"column\">\n\t\t\t<div class=\"elementor-widget-wrap elementor-element-populated\">\n\t\t\t\t\t\t<div class=\"elementor-element elementor-element-b96f717 elementor-posts__hover-none elementor-grid-tablet-1 elementor-grid-3 elementor-grid-mobile-1 elementor-posts--thumbnail-top elementor-widget elementor-widget-posts\" data-id=\"b96f717\" data-element_type=\"widget\" data-e-type=\"widget\" data-settings=\"{&quot;pagination_type&quot;:&quot;numbers&quot;,&quot;cards_columns_tablet&quot;:&quot;1&quot;,&quot;cards_columns&quot;:&quot;3&quot;,&quot;cards_columns_mobile&quot;:&quot;1&quot;,&quot;cards_row_gap&quot;:{&quot;unit&quot;:&quot;px&quot;,&quot;size&quot;:35,&quot;sizes&quot;:[]},&quot;cards_row_gap_tablet&quot;:{&quot;unit&quot;:&quot;px&quot;,&quot;size&quot;:&quot;&quot;,&quot;sizes&quot;:[]},&quot;cards_row_gap_mobile&quot;:{&quot;unit&quot;:&quot;px&quot;,&quot;size&quot;:&quot;&quot;,&quot;sizes&quot;:[]}}\" data-widget_type=\"posts.cards\">\n\t\t\t\t<div class=\"elementor-widget-container\">\n\t\t\t\t\t\t\t<div class=\"elementor-posts-container elementor-posts elementor-posts--skin-cards elementor-grid\">\n\t\t\t\t<article class=\"elementor-post elementor-grid-item post-2593 post type-post status-publish format-standard has-post-thumbnail hentry category-projekt\">\n\t\t\t<div class=\"elementor-post__card\">\n\t\t\t\t<a class=\"elementor-post__thumbnail__link\" href=\"http:\/\/176.32.230.6\/heimdall.se\/htc-superfloor-silver-i-traningslokal-kungsangen\/\" ><div class=\"elementor-post__thumbnail\"><img fetchpriority=\"high\" decoding=\"async\" width=\"2000\" height=\"722\" src=\"http:\/\/176.32.230.6\/heimdall.se\/wp-content\/uploads\/2023\/11\/AdobeStock_103127511-2.jpeg\" class=\"attachment-2048x2048 size-2048x2048 wp-image-2594\" alt=\"\" srcset=\"http:\/\/176.32.230.6\/heimdall.se\/wp-content\/uploads\/2023\/11\/AdobeStock_103127511-2.jpeg 2000w, http:\/\/176.32.230.6\/heimdall.se\/wp-content\/uploads\/2023\/11\/AdobeStock_103127511-2-300x108.jpeg 300w, http:\/\/176.32.230.6\/heimdall.se\/wp-content\/uploads\/2023\/11\/AdobeStock_103127511-2-1024x370.jpeg 1024w, http:\/\/176.32.230.6\/heimdall.se\/wp-content\/uploads\/2023\/11\/AdobeStock_103127511-2-768x277.jpeg 768w, http:\/\/176.32.230.6\/heimdall.se\/wp-content\/uploads\/2023\/11\/AdobeStock_103127511-2-1536x554.jpeg 1536w\" sizes=\"(max-width: 2000px) 100vw, 2000px\" \/><\/div><\/a>\n\t\t\t\t<div class=\"elementor-post__text\">\n\t\t\t\t<h3 class=\"elementor-post__title\">\n\t\t\t<a href=\"http:\/\/176.32.230.6\/heimdall.se\/htc-superfloor-silver-i-traningslokal-kungsangen\/\" >\n\t\t\t\tHTC Superfloor\u2122 Silver\u00a0i tr\u00e4ningslokal, Kungs\u00e4ngen\t\t\t<\/a>\n\t\t<\/h3>\n\t\t\t\t<div class=\"elementor-post__excerpt\">\n\t\t\t<p>&#8221;Det fr\u00e4msta kravet var att hitta en golvl\u00f6sning som var sl\u00e4t och l\u00e4ttst\u00e4dat. Men i denna kravbild fanns ocks\u00e5 en estetisk faktor. N\u00e4r Svenskt kosttillskott<\/p>\n\t\t<\/div>\n\t\t\t\t<\/div>\n\t\t\t\t\t<\/div>\n\t\t<\/article>\n\t\t\t\t<article class=\"elementor-post elementor-grid-item post-2582 post type-post status-publish format-standard has-post-thumbnail hentry category-projekt\">\n\t\t\t<div class=\"elementor-post__card\">\n\t\t\t\t<a class=\"elementor-post__thumbnail__link\" href=\"http:\/\/176.32.230.6\/heimdall.se\/gatustensslipning-gavle-centrum\/\" ><div class=\"elementor-post__thumbnail\"><img decoding=\"async\" width=\"2042\" height=\"761\" src=\"http:\/\/176.32.230.6\/heimdall.se\/wp-content\/uploads\/2023\/11\/IMG_8106-kopia2.jpg\" class=\"attachment-2048x2048 size-2048x2048 wp-image-2583\" alt=\"\" srcset=\"http:\/\/176.32.230.6\/heimdall.se\/wp-content\/uploads\/2023\/11\/IMG_8106-kopia2.jpg 2042w, http:\/\/176.32.230.6\/heimdall.se\/wp-content\/uploads\/2023\/11\/IMG_8106-kopia2-300x112.jpg 300w, http:\/\/176.32.230.6\/heimdall.se\/wp-content\/uploads\/2023\/11\/IMG_8106-kopia2-1024x382.jpg 1024w, http:\/\/176.32.230.6\/heimdall.se\/wp-content\/uploads\/2023\/11\/IMG_8106-kopia2-768x286.jpg 768w, http:\/\/176.32.230.6\/heimdall.se\/wp-content\/uploads\/2023\/11\/IMG_8106-kopia2-1536x572.jpg 1536w\" sizes=\"(max-width: 2042px) 100vw, 2042px\" \/><\/div><\/a>\n\t\t\t\t<div class=\"elementor-post__text\">\n\t\t\t\t<h3 class=\"elementor-post__title\">\n\t\t\t<a href=\"http:\/\/176.32.230.6\/heimdall.se\/gatustensslipning-gavle-centrum\/\" >\n\t\t\t\tGatustensslipning, G\u00e4vle Centrum\t\t\t<\/a>\n\t\t<\/h3>\n\t\t\t\t<div class=\"elementor-post__excerpt\">\n\t\t\t<p>Modern teknologi har gjort det m\u00f6jligt att med relativt enkla medel l\u00f6sa infrastrukturell degradering. Med diamantslipning ges m\u00f6jligheten att renovera infrastrukturella ytor som broar och<\/p>\n\t\t<\/div>\n\t\t\t\t<\/div>\n\t\t\t\t\t<\/div>\n\t\t<\/article>\n\t\t\t\t<article class=\"elementor-post elementor-grid-item post-2570 post type-post status-publish format-standard has-post-thumbnail hentry category-projekt\">\n\t\t\t<div class=\"elementor-post__card\">\n\t\t\t\t<a class=\"elementor-post__thumbnail__link\" href=\"http:\/\/176.32.230.6\/heimdall.se\/sikafloor-24-purcem-i-bilverkstad-dannemoragatan\/\" ><div class=\"elementor-post__thumbnail\"><img decoding=\"async\" width=\"2000\" height=\"617\" src=\"http:\/\/176.32.230.6\/heimdall.se\/wp-content\/uploads\/2023\/11\/AdobeStock_90498595.jpeg\" class=\"attachment-2048x2048 size-2048x2048 wp-image-2571\" alt=\"\" srcset=\"http:\/\/176.32.230.6\/heimdall.se\/wp-content\/uploads\/2023\/11\/AdobeStock_90498595.jpeg 2000w, http:\/\/176.32.230.6\/heimdall.se\/wp-content\/uploads\/2023\/11\/AdobeStock_90498595-300x93.jpeg 300w, http:\/\/176.32.230.6\/heimdall.se\/wp-content\/uploads\/2023\/11\/AdobeStock_90498595-1024x316.jpeg 1024w, http:\/\/176.32.230.6\/heimdall.se\/wp-content\/uploads\/2023\/11\/AdobeStock_90498595-768x237.jpeg 768w, http:\/\/176.32.230.6\/heimdall.se\/wp-content\/uploads\/2023\/11\/AdobeStock_90498595-1536x474.jpeg 1536w\" sizes=\"(max-width: 2000px) 100vw, 2000px\" \/><\/div><\/a>\n\t\t\t\t<div class=\"elementor-post__text\">\n\t\t\t\t<h3 class=\"elementor-post__title\">\n\t\t\t<a href=\"http:\/\/176.32.230.6\/heimdall.se\/sikafloor-24-purcem-i-bilverkstad-dannemoragatan\/\" >\n\t\t\t\tSikafloor\u00ae -24 PurCem i bilverkstad, Dannemoragatan\t\t\t<\/a>\n\t\t<\/h3>\n\t\t\t\t<div class=\"elementor-post__excerpt\">\n\t\t\t<p>&#8221; Sikafloor PurCem valdes d\u00e5 det finns risk att det kommer svetsloppor p\u00e5 golvet i verkstaden. Sikafloor PurCem klarar svetslopporna b\u00e4ttre \u00e4n ett tradionellt polyuretansystem<\/p>\n\t\t<\/div>\n\t\t\t\t<\/div>\n\t\t\t\t\t<\/div>\n\t\t<\/article>\n\t\t\t\t<article class=\"elementor-post elementor-grid-item post-2559 post type-post status-publish format-standard has-post-thumbnail hentry category-projekt\">\n\t\t\t<div class=\"elementor-post__card\">\n\t\t\t\t<a class=\"elementor-post__thumbnail__link\" href=\"http:\/\/176.32.230.6\/heimdall.se\/htc-superfloorplatinum-max-i-hudiksvall-2\/\" ><div class=\"elementor-post__thumbnail\"><img loading=\"lazy\" decoding=\"async\" width=\"960\" height=\"334\" src=\"http:\/\/176.32.230.6\/heimdall.se\/wp-content\/uploads\/2023\/11\/310931178_10153423186371842_4585556692581428595_n.jpg\" class=\"attachment-2048x2048 size-2048x2048 wp-image-2560\" alt=\"\" srcset=\"http:\/\/176.32.230.6\/heimdall.se\/wp-content\/uploads\/2023\/11\/310931178_10153423186371842_4585556692581428595_n.jpg 960w, http:\/\/176.32.230.6\/heimdall.se\/wp-content\/uploads\/2023\/11\/310931178_10153423186371842_4585556692581428595_n-300x104.jpg 300w, http:\/\/176.32.230.6\/heimdall.se\/wp-content\/uploads\/2023\/11\/310931178_10153423186371842_4585556692581428595_n-768x267.jpg 768w\" sizes=\"(max-width: 960px) 100vw, 960px\" \/><\/div><\/a>\n\t\t\t\t<div class=\"elementor-post__text\">\n\t\t\t\t<h3 class=\"elementor-post__title\">\n\t\t\t<a href=\"http:\/\/176.32.230.6\/heimdall.se\/htc-superfloorplatinum-max-i-hudiksvall-2\/\" >\n\t\t\t\tHTC Superfloor\u2122Platinum,\u00a0Max i\u00a0Hudiksvall\t\t\t<\/a>\n\t\t<\/h3>\n\t\t\t\t<div class=\"elementor-post__excerpt\">\n\t\t\t<p>&#8211; &#8221;Anledningen till att vi v\u00e4ljer den golvl\u00f6sning vi g\u00f6r \u00e4r funktion och design. Det ska vara l\u00e4ttst\u00e4dat och snyggt i v\u00e5ra restauranger. Pricken \u00f6ver<\/p>\n\t\t<\/div>\n\t\t\t\t<\/div>\n\t\t\t\t\t<\/div>\n\t\t<\/article>\n\t\t\t\t<article class=\"elementor-post elementor-grid-item post-2547 post type-post status-publish format-standard has-post-thumbnail hentry category-projekt\">\n\t\t\t<div class=\"elementor-post__card\">\n\t\t\t\t<a class=\"elementor-post__thumbnail__link\" href=\"http:\/\/176.32.230.6\/heimdall.se\/flowcrete-deckshield-i-kv-sprangaren\/\" ><div class=\"elementor-post__thumbnail\"><img loading=\"lazy\" decoding=\"async\" width=\"2000\" height=\"745\" src=\"http:\/\/176.32.230.6\/heimdall.se\/wp-content\/uploads\/2023\/11\/2AdobeStock_106012360.jpeg\" class=\"attachment-2048x2048 size-2048x2048 wp-image-2548\" alt=\"\" srcset=\"http:\/\/176.32.230.6\/heimdall.se\/wp-content\/uploads\/2023\/11\/2AdobeStock_106012360.jpeg 2000w, http:\/\/176.32.230.6\/heimdall.se\/wp-content\/uploads\/2023\/11\/2AdobeStock_106012360-300x112.jpeg 300w, http:\/\/176.32.230.6\/heimdall.se\/wp-content\/uploads\/2023\/11\/2AdobeStock_106012360-1024x381.jpeg 1024w, http:\/\/176.32.230.6\/heimdall.se\/wp-content\/uploads\/2023\/11\/2AdobeStock_106012360-768x286.jpeg 768w, http:\/\/176.32.230.6\/heimdall.se\/wp-content\/uploads\/2023\/11\/2AdobeStock_106012360-1536x572.jpeg 1536w\" sizes=\"(max-width: 2000px) 100vw, 2000px\" \/><\/div><\/a>\n\t\t\t\t<div class=\"elementor-post__text\">\n\t\t\t\t<h3 class=\"elementor-post__title\">\n\t\t\t<a href=\"http:\/\/176.32.230.6\/heimdall.se\/flowcrete-deckshield-i-kv-sprangaren\/\" >\n\t\t\t\tFlowcrete Deckshield i Kv. Spr\u00e4ngaren\t\t\t<\/a>\n\t\t<\/h3>\n\t\t\t\t<div class=\"elementor-post__excerpt\">\n\t\t\t<p>&#8221;Kvarteret Spr\u00e4ngaren \u00e4r en ny port till Sundbyberg, ett dynamiskt gr\u00e4nsland i staden d\u00e4r historia m\u00f6ter framtida utveckling, d\u00e4r landskaplig h\u00f6gpunkt m\u00f6ter l\u00e5gpunkt, d\u00e4r Sundbyberg<\/p>\n\t\t<\/div>\n\t\t\t\t<\/div>\n\t\t\t\t\t<\/div>\n\t\t<\/article>\n\t\t\t\t<article class=\"elementor-post elementor-grid-item post-2532 post type-post status-publish format-standard has-post-thumbnail hentry category-projekt\">\n\t\t\t<div class=\"elementor-post__card\">\n\t\t\t\t<a class=\"elementor-post__thumbnail__link\" href=\"http:\/\/176.32.230.6\/heimdall.se\/karolinska-institutet-biomedicum\/\" ><div class=\"elementor-post__thumbnail\"><img loading=\"lazy\" decoding=\"async\" width=\"2000\" height=\"638\" src=\"http:\/\/176.32.230.6\/heimdall.se\/wp-content\/uploads\/2023\/11\/1bild2-exterior-webben-biom.jpg\" class=\"attachment-2048x2048 size-2048x2048 wp-image-2533\" alt=\"\" srcset=\"http:\/\/176.32.230.6\/heimdall.se\/wp-content\/uploads\/2023\/11\/1bild2-exterior-webben-biom.jpg 2000w, http:\/\/176.32.230.6\/heimdall.se\/wp-content\/uploads\/2023\/11\/1bild2-exterior-webben-biom-300x96.jpg 300w, http:\/\/176.32.230.6\/heimdall.se\/wp-content\/uploads\/2023\/11\/1bild2-exterior-webben-biom-1024x327.jpg 1024w, http:\/\/176.32.230.6\/heimdall.se\/wp-content\/uploads\/2023\/11\/1bild2-exterior-webben-biom-768x245.jpg 768w, http:\/\/176.32.230.6\/heimdall.se\/wp-content\/uploads\/2023\/11\/1bild2-exterior-webben-biom-1536x490.jpg 1536w\" sizes=\"(max-width: 2000px) 100vw, 2000px\" \/><\/div><\/a>\n\t\t\t\t<div class=\"elementor-post__text\">\n\t\t\t\t<h3 class=\"elementor-post__title\">\n\t\t\t<a href=\"http:\/\/176.32.230.6\/heimdall.se\/karolinska-institutet-biomedicum\/\" >\n\t\t\t\tKarolinska Institutet, Biomedicum\t\t\t<\/a>\n\t\t<\/h3>\n\t\t\t\t<div class=\"elementor-post__excerpt\">\n\t\t\t<p>&#8221;Experimentell forskning samlas i Biomedicum &#8211; Syftet med Biomedicum \u00e4r att samla en stor del av den experimentella forskningen p\u00e5 Karolinska Institutets campus Solna under<\/p>\n\t\t<\/div>\n\t\t\t\t<\/div>\n\t\t\t\t\t<\/div>\n\t\t<\/article>\n\t\t\t\t<\/div>\n\t\t\n\t\t\t\t<div class=\"e-load-more-anchor\" data-page=\"1\" data-max-page=\"3\" data-next-page=\"http:\/\/176.32.230.6\/heimdall.se\/wp-json\/wp\/v2\/pages\/50\/page\/2\/\"><\/div>\n\t\t\t\t<nav class=\"elementor-pagination\" aria-label=\"Sidonumrering\">\n\t\t\t<span aria-current=\"page\" class=\"page-numbers current\"><span class=\"elementor-screen-only\">Sida<\/span>1<\/span>\n<a class=\"page-numbers\" href=\"http:\/\/176.32.230.6\/heimdall.se\/wp-json\/wp\/v2\/pages\/50\/page\/2\/\"><span class=\"elementor-screen-only\">Sida<\/span>2<\/a>\n<a class=\"page-numbers\" href=\"http:\/\/176.32.230.6\/heimdall.se\/wp-json\/wp\/v2\/pages\/50\/page\/3\/\"><span class=\"elementor-screen-only\">Sida<\/span>3<\/a>\t\t<\/nav>\n\t\t\t\t\t\t<\/div>\n\t\t\t\t<\/div>\n\t\t\t\t\t<\/div>\n\t\t<\/div>\n\t\t\t\t\t<\/div>\n\t\t<\/section>\n\t\t\t\t<\/div>\n\t\t","protected":false},"excerpt":{"rendered":"<p>Projekt Ett urval av v\u00e5ra referensprojekt<\/p>\n","protected":false},"author":3,"featured_media":0,"parent":0,"menu_order":0,"comment_status":"closed","ping_status":"closed","template":"elementor_header_footer","meta":{"footnotes":""},"class_list":["post-50","page","type-page","status-publish","hentry"],"_links":{"self":[{"href":"http:\/\/176.32.230.6\/heimdall.se\/wp-json\/wp\/v2\/pages\/50","targetHints":{"allow":["GET"]}}],"collection":[{"href":"http:\/\/176.32.230.6\/heimdall.se\/wp-json\/wp\/v2\/pages"}],"about":[{"href":"http:\/\/176.32.230.6\/heimdall.se\/wp-json\/wp\/v2\/types\/page"}],"author":[{"embeddable":true,"href":"http:\/\/176.32.230.6\/heimdall.se\/wp-json\/wp\/v2\/users\/3"}],"replies":[{"embeddable":true,"href":"http:\/\/176.32.230.6\/heimdall.se\/wp-json\/wp\/v2\/comments?post=50"}],"version-history":[{"count":88,"href":"http:\/\/176.32.230.6\/heimdall.se\/wp-json\/wp\/v2\/pages\/50\/revisions"}],"predecessor-version":[{"id":2423,"href":"http:\/\/176.32.230.6\/heimdall.se\/wp-json\/wp\/v2\/pages\/50\/revisions\/2423"}],"wp:attachment":[{"href":"http:\/\/176.32.230.6\/heimdall.se\/wp-json\/wp\/v2\/media?parent=50"}],"curies":[{"name":"wp","href":"https:\/\/api.w.org\/{rel}","templated":true}]}}