{"id":1765,"date":"2023-01-31T11:17:41","date_gmt":"2023-01-31T11:17:41","guid":{"rendered":"http:\/\/176.32.230.6\/heimdall.se\/?page_id=1765"},"modified":"2023-02-20T14:06:49","modified_gmt":"2023-02-20T14:06:49","slug":"vara-varderingar","status":"publish","type":"page","link":"http:\/\/176.32.230.6\/heimdall.se\/vara-varderingar\/","title":{"rendered":"V\u00e5ra v\u00e4rderingar"},"content":{"rendered":"\t\t<div data-elementor-type=\"wp-page\" data-elementor-id=\"1765\" class=\"elementor elementor-1765\">\n\t\t\t\t\t\t<section class=\"elementor-section elementor-top-section elementor-element elementor-element-4784d615 elementor-section-boxed elementor-section-height-default elementor-section-height-default\" data-id=\"4784d615\" data-element_type=\"section\" data-e-type=\"section\">\n\t\t\t\t\t\t<div class=\"elementor-container elementor-column-gap-default\">\n\t\t\t\t\t<div class=\"elementor-column elementor-col-100 elementor-top-column elementor-element elementor-element-132c8377\" data-id=\"132c8377\" data-element_type=\"column\" data-e-type=\"column\">\n\t\t\t<div class=\"elementor-widget-wrap elementor-element-populated\">\n\t\t\t\t\t\t<div class=\"elementor-element elementor-element-23927255 elementor-widget elementor-widget-heading\" data-id=\"23927255\" data-element_type=\"widget\" data-e-type=\"widget\" data-widget_type=\"heading.default\">\n\t\t\t\t<div class=\"elementor-widget-container\">\n\t\t\t\t\t<h1 class=\"elementor-heading-title elementor-size-default\">V\u00e5ra v\u00e4rderingar<\/h1>\t\t\t\t<\/div>\n\t\t\t\t<\/div>\n\t\t\t\t<div class=\"elementor-element elementor-element-7ee33ae6 elementor-widget elementor-widget-text-editor\" data-id=\"7ee33ae6\" data-element_type=\"widget\" data-e-type=\"widget\" data-widget_type=\"text-editor.default\">\n\t\t\t\t<div class=\"elementor-widget-container\">\n\t\t\t\t\t\t\t\t\t<p>Namnet Heimdall betyder mycket f\u00f6r vilka vi \u00e4r.\u00a0Det \u00e4r taget fr\u00e5n asaguden Heimdall, vars namn tolkas till \u201dV\u00e4rldens glans\u201d. En\u00a0av Heimdalls uppgifter var att vaka \u00f6ver regnb\u00e5gsbron Bifrost vilket han gjorde med\u00a0kunnighet, \u00f6ppenhet och samarbete. Allt detta har vi som ledord i v\u00e5r verksamhet.\u00a0Att tillsammans med v\u00e5ra kunder skapa golvl\u00f6sningar som varar i generationer.<\/p>\t\t\t\t\t\t\t\t<\/div>\n\t\t\t\t<\/div>\n\t\t\t\t<section class=\"elementor-section elementor-inner-section elementor-element elementor-element-67feac3 elementor-section-boxed elementor-section-height-default elementor-section-height-default\" data-id=\"67feac3\" data-element_type=\"section\" data-e-type=\"section\">\n\t\t\t\t\t\t<div class=\"elementor-container elementor-column-gap-no\">\n\t\t\t\t\t<div class=\"elementor-column elementor-col-50 elementor-inner-column elementor-element elementor-element-06587bc\" data-id=\"06587bc\" data-element_type=\"column\" data-e-type=\"column\">\n\t\t\t<div class=\"elementor-widget-wrap elementor-element-populated\">\n\t\t\t\t\t\t<div class=\"elementor-element elementor-element-117f454 elementor-widget elementor-widget-text-editor\" data-id=\"117f454\" data-element_type=\"widget\" data-e-type=\"widget\" data-widget_type=\"text-editor.default\">\n\t\t\t\t<div class=\"elementor-widget-container\">\n\t\t\t\t\t\t\t\t\t<h4>Kunnighet<\/h4><p>F\u00f6r att genomf\u00f6ra golvarbeten\u00a0med goda slutresultat\u00a0s\u00e4tter Heimdall kunskap i\u00a0fokus. I praktiken inneb\u00e4r\u00a0det att vi har personal med\u00a0relevant utbildning men\u00a0ocks\u00e5 att vi g\u00f6r full\u00f6diga\u00a0behovsanalyser, korrekta\u00a0kvalitetskontroller och l\u00e4r\u00a0oss b\u00e5de av v\u00e5ra framg\u00e5ngar\u00a0och misstag. F\u00f6r oss \u00e4r\u00a0det en drivkraft att bli\u00a0b\u00e4ttre p\u00e5 det vi g\u00f6r.<\/p>\t\t\t\t\t\t\t\t<\/div>\n\t\t\t\t<\/div>\n\t\t\t\t\t<\/div>\n\t\t<\/div>\n\t\t\t\t<div class=\"elementor-column elementor-col-50 elementor-inner-column elementor-element elementor-element-6ffb9bf\" data-id=\"6ffb9bf\" data-element_type=\"column\" data-e-type=\"column\">\n\t\t\t<div class=\"elementor-widget-wrap elementor-element-populated\">\n\t\t\t\t\t\t<div class=\"elementor-element elementor-element-ce1e1c7 elementor-widget elementor-widget-image\" data-id=\"ce1e1c7\" data-element_type=\"widget\" data-e-type=\"widget\" data-widget_type=\"image.default\">\n\t\t\t\t<div class=\"elementor-widget-container\">\n\t\t\t\t\t\t\t\t\t\t\t\t\t\t\t<img fetchpriority=\"high\" decoding=\"async\" width=\"267\" height=\"200\" src=\"http:\/\/176.32.230.6\/heimdall.se\/wp-content\/uploads\/2023\/02\/AdobeStock_89047502.jpg\" class=\"attachment-large size-large wp-image-2163\" alt=\"\" \/>\t\t\t\t\t\t\t\t\t\t\t\t\t\t\t<\/div>\n\t\t\t\t<\/div>\n\t\t\t\t\t<\/div>\n\t\t<\/div>\n\t\t\t\t\t<\/div>\n\t\t<\/section>\n\t\t\t\t<section class=\"elementor-section elementor-inner-section elementor-element elementor-element-827dc0d elementor-section-boxed elementor-section-height-default elementor-section-height-default\" data-id=\"827dc0d\" data-element_type=\"section\" data-e-type=\"section\">\n\t\t\t\t\t\t<div class=\"elementor-container elementor-column-gap-no\">\n\t\t\t\t\t<div class=\"elementor-column elementor-col-50 elementor-inner-column elementor-element elementor-element-384fba5\" data-id=\"384fba5\" data-element_type=\"column\" data-e-type=\"column\">\n\t\t\t<div class=\"elementor-widget-wrap elementor-element-populated\">\n\t\t\t\t\t\t<div class=\"elementor-element elementor-element-f340d09 elementor-widget elementor-widget-text-editor\" data-id=\"f340d09\" data-element_type=\"widget\" data-e-type=\"widget\" data-widget_type=\"text-editor.default\">\n\t\t\t\t<div class=\"elementor-widget-container\">\n\t\t\t\t\t\t\t\t\t<h4>\u00d6ppenhet<\/h4><p class=\"\">Heimdall \u00e4r ett litet f\u00f6retag\u00a0i h\u00f6g beroendeposition\u00a0gentemot sina intressenter.\u00a0<br \/>D\u00e4rf\u00f6r str\u00e4var vi efter att ha\u00a0h\u00f6g transparens mot v\u00e5ra\u00a0kunder, anst\u00e4llda, leverant\u00f6rer,\u00a0intresseorganisationer\u00a0och andra. Denna \u00f6ppenhet\u00a0anser vi vara grunden i ett\u00a0\u00f6kat samarbetsklimat och\u00a0i f\u00f6rl\u00e4ngningen lyckade\u00a0aff\u00e4rer.<\/p>\t\t\t\t\t\t\t\t<\/div>\n\t\t\t\t<\/div>\n\t\t\t\t\t<\/div>\n\t\t<\/div>\n\t\t\t\t<div class=\"elementor-column elementor-col-50 elementor-inner-column elementor-element elementor-element-019e0f9\" data-id=\"019e0f9\" data-element_type=\"column\" data-e-type=\"column\">\n\t\t\t<div class=\"elementor-widget-wrap elementor-element-populated\">\n\t\t\t\t\t\t<div class=\"elementor-element elementor-element-d6300a4 elementor-widget elementor-widget-image\" data-id=\"d6300a4\" data-element_type=\"widget\" data-e-type=\"widget\" data-widget_type=\"image.default\">\n\t\t\t\t<div class=\"elementor-widget-container\">\n\t\t\t\t\t\t\t\t\t\t\t\t\t\t\t<img decoding=\"async\" width=\"300\" height=\"200\" src=\"http:\/\/176.32.230.6\/heimdall.se\/wp-content\/uploads\/2023\/02\/AdobeStock_76389396.jpg\" class=\"attachment-large size-large wp-image-2162\" alt=\"\" \/>\t\t\t\t\t\t\t\t\t\t\t\t\t\t\t<\/div>\n\t\t\t\t<\/div>\n\t\t\t\t\t<\/div>\n\t\t<\/div>\n\t\t\t\t\t<\/div>\n\t\t<\/section>\n\t\t\t\t<section class=\"elementor-section elementor-inner-section elementor-element elementor-element-30b8f44 elementor-section-boxed elementor-section-height-default elementor-section-height-default\" data-id=\"30b8f44\" data-element_type=\"section\" data-e-type=\"section\">\n\t\t\t\t\t\t<div class=\"elementor-container elementor-column-gap-no\">\n\t\t\t\t\t<div class=\"elementor-column elementor-col-50 elementor-inner-column elementor-element elementor-element-d868dc5\" data-id=\"d868dc5\" data-element_type=\"column\" data-e-type=\"column\">\n\t\t\t<div class=\"elementor-widget-wrap elementor-element-populated\">\n\t\t\t\t\t\t<div class=\"elementor-element elementor-element-ea82720 elementor-widget elementor-widget-text-editor\" data-id=\"ea82720\" data-element_type=\"widget\" data-e-type=\"widget\" data-widget_type=\"text-editor.default\">\n\t\t\t\t<div class=\"elementor-widget-container\">\n\t\t\t\t\t\t\t\t\t<h4>Samarbete<\/h4><p class=\"\">Heimdall anser att ett\u00a0fungerande samarbetsklimat\u00a0med h\u00f6g transparens \u00e4r\u00a0nyckeln till framg\u00e5ngrika aff\u00e4rer.\u00a0Vi anser att \u00f6ppenhet\u00a0och samarbete g\u00e5r hand i\u00a0hand. Genom \u00f6ppenhet och\u00a0samarbete med alla involverade\u00a0parter f\u00f6rebygger vi\u00a0kvalitetsbrister i utf\u00f6randet\u00a0och skapar b\u00e4ttre l\u00f6sningar\u00a0f\u00f6r alla inblandade.<\/p>\t\t\t\t\t\t\t\t<\/div>\n\t\t\t\t<\/div>\n\t\t\t\t\t<\/div>\n\t\t<\/div>\n\t\t\t\t<div class=\"elementor-column elementor-col-50 elementor-inner-column elementor-element elementor-element-d2f00dc\" data-id=\"d2f00dc\" data-element_type=\"column\" data-e-type=\"column\">\n\t\t\t<div class=\"elementor-widget-wrap elementor-element-populated\">\n\t\t\t\t\t\t<div class=\"elementor-element elementor-element-6bb8c4a elementor-widget elementor-widget-image\" data-id=\"6bb8c4a\" data-element_type=\"widget\" data-e-type=\"widget\" data-widget_type=\"image.default\">\n\t\t\t\t<div class=\"elementor-widget-container\">\n\t\t\t\t\t\t\t\t\t\t\t\t\t\t\t<img decoding=\"async\" width=\"300\" height=\"200\" src=\"http:\/\/176.32.230.6\/heimdall.se\/wp-content\/uploads\/2023\/02\/AdobeStock_101959836.jpg\" class=\"attachment-large size-large wp-image-2164\" alt=\"\" \/>\t\t\t\t\t\t\t\t\t\t\t\t\t\t\t<\/div>\n\t\t\t\t<\/div>\n\t\t\t\t\t<\/div>\n\t\t<\/div>\n\t\t\t\t\t<\/div>\n\t\t<\/section>\n\t\t\t\t\t<\/div>\n\t\t<\/div>\n\t\t\t\t\t<\/div>\n\t\t<\/section>\n\t\t\t\t<\/div>\n\t\t","protected":false},"excerpt":{"rendered":"<p>V\u00e5ra v\u00e4rderingar Namnet Heimdall betyder mycket f\u00f6r vilka vi \u00e4r.\u00a0Det \u00e4r taget fr\u00e5n asaguden Heimdall, vars namn tolkas till \u201dV\u00e4rldens glans\u201d. En\u00a0av Heimdalls uppgifter var att vaka \u00f6ver regnb\u00e5gsbron Bifrost vilket han gjorde med\u00a0kunnighet, \u00f6ppenhet och samarbete. Allt detta har vi som ledord i v\u00e5r verksamhet.\u00a0Att tillsammans med v\u00e5ra kunder skapa golvl\u00f6sningar som varar i [&hellip;]<\/p>\n","protected":false},"author":3,"featured_media":0,"parent":0,"menu_order":0,"comment_status":"closed","ping_status":"closed","template":"elementor_header_footer","meta":{"footnotes":""},"class_list":["post-1765","page","type-page","status-publish","hentry"],"_links":{"self":[{"href":"http:\/\/176.32.230.6\/heimdall.se\/wp-json\/wp\/v2\/pages\/1765","targetHints":{"allow":["GET"]}}],"collection":[{"href":"http:\/\/176.32.230.6\/heimdall.se\/wp-json\/wp\/v2\/pages"}],"about":[{"href":"http:\/\/176.32.230.6\/heimdall.se\/wp-json\/wp\/v2\/types\/page"}],"author":[{"embeddable":true,"href":"http:\/\/176.32.230.6\/heimdall.se\/wp-json\/wp\/v2\/users\/3"}],"replies":[{"embeddable":true,"href":"http:\/\/176.32.230.6\/heimdall.se\/wp-json\/wp\/v2\/comments?post=1765"}],"version-history":[{"count":13,"href":"http:\/\/176.32.230.6\/heimdall.se\/wp-json\/wp\/v2\/pages\/1765\/revisions"}],"predecessor-version":[{"id":2430,"href":"http:\/\/176.32.230.6\/heimdall.se\/wp-json\/wp\/v2\/pages\/1765\/revisions\/2430"}],"wp:attachment":[{"href":"http:\/\/176.32.230.6\/heimdall.se\/wp-json\/wp\/v2\/media?parent=1765"}],"curies":[{"name":"wp","href":"https:\/\/api.w.org\/{rel}","templated":true}]}}