{"id":1761,"date":"2023-01-31T11:17:13","date_gmt":"2023-01-31T11:17:13","guid":{"rendered":"http:\/\/176.32.230.6\/heimdall.se\/?page_id=1761"},"modified":"2023-02-13T13:39:24","modified_gmt":"2023-02-13T13:39:24","slug":"heimdall","status":"publish","type":"page","link":"http:\/\/176.32.230.6\/heimdall.se\/heimdall\/","title":{"rendered":"Heimdall"},"content":{"rendered":"\t\t<div data-elementor-type=\"wp-page\" data-elementor-id=\"1761\" class=\"elementor elementor-1761\">\n\t\t\t\t\t\t<section class=\"elementor-section elementor-top-section elementor-element elementor-element-4766239b elementor-section-boxed elementor-section-height-default elementor-section-height-default\" data-id=\"4766239b\" data-element_type=\"section\" data-e-type=\"section\">\n\t\t\t\t\t\t<div class=\"elementor-container elementor-column-gap-default\">\n\t\t\t\t\t<div class=\"elementor-column elementor-col-100 elementor-top-column elementor-element elementor-element-6d788ee8\" data-id=\"6d788ee8\" data-element_type=\"column\" data-e-type=\"column\">\n\t\t\t<div class=\"elementor-widget-wrap elementor-element-populated\">\n\t\t\t\t\t\t<div class=\"elementor-element elementor-element-60ef40b6 elementor-widget elementor-widget-heading\" data-id=\"60ef40b6\" data-element_type=\"widget\" data-e-type=\"widget\" data-widget_type=\"heading.default\">\n\t\t\t\t<div class=\"elementor-widget-container\">\n\t\t\t\t\t<h1 class=\"elementor-heading-title elementor-size-default\">Heimdall AB<\/h1>\t\t\t\t<\/div>\n\t\t\t\t<\/div>\n\t\t\t\t<div class=\"elementor-element elementor-element-4c3eac7f elementor-widget elementor-widget-text-editor\" data-id=\"4c3eac7f\" data-element_type=\"widget\" data-e-type=\"widget\" data-widget_type=\"text-editor.default\">\n\t\t\t\t<div class=\"elementor-widget-container\">\n\t\t\t\t\t\t\t\t\t<div class=\"row\"><div class=\"col-sm-8 col-md-offset-1\"><div class=\"row\"><div class=\"col-sm-8 col-md-offset-1\"><h2>F\u00f6retaget<\/h2><\/div><\/div><div class=\"row\"><div class=\"col-md-5 col-md-offset-1 col-sm-6 col-xs-12\"><p>Heimdall startades 2003 i G\u00e4vle och har idag kontor i Stockholm, G\u00e4vle och\u00a0Ljusdal. Heimdall vill bli en erk\u00e4nd och p\u00e5litlig golventrepren\u00f6r och vara ett av\u00a0marknadens starkaste varum\u00e4rken inom v\u00e5rt aff\u00e4rsomr\u00e5de. I v\u00e5r kundstock hittas\u00a0Skanska, Peab, NCC, Jernhusen och m\u00e5nga fler.<\/p><p>\u00a0<\/p><p>F\u00f6retaget \u00e4gs idag av G\u00f6ran Anshagen och Erik Hasselberg.<\/p><p>\u00a0<\/p><h2>Aff\u00e4rsid\u00e9n<\/h2><p>Heimdall Industrigolv bedriver golventreprenadverksamhet och genomf\u00f6r golvarbeten \u00f6ver hela Sverige. V\u00e5rt fokus ligger mot f\u00f6retagskunder och vi skapar slitstarka golvl\u00f6sningar och ett produktutbud inom betonggolv och betongslipning, massagolv, natursten, renoveringar,\u00a0avj\u00e4mningar och infrastrukturella golvl\u00f6sningar. V\u00e5rt utbud \u00e4r brett f\u00f6r att m\u00f6ta m\u00e5nga olika behov och vi kan arbeta med flera moment i samma projekt.\u00a0<\/p><h2>\u00a0<\/h2><h2>Erbjudandet<\/h2><p>Vi \u00e4r ett golvf\u00f6retag som erbjuder den trygghet, n\u00e4rhet och k\u00e4rlek till hantverket som en liten entrepren\u00f6r kan ge, kombinerat med ett modernt syns\u00e4tt och en professionalism som k\u00e4nnetecknar f\u00f6retag i framkant. Denna kombination g\u00f6r att det \u00e4r intuitivt och enkelt att arbeta med Heimdall.<\/p><h2>\u00a0<\/h2><h2>Vision<\/h2><p>V\u00e5r vision \u00e4r att v\u00e4xa p\u00e5 ett ansvarsfullt s\u00e4tt i takt med efterfr\u00e5gan och utvecklas till att bli en ledande akt\u00f6r inom golventreprenadbranschen.<\/p><\/div><\/div><\/div><\/div>\t\t\t\t\t\t\t\t<\/div>\n\t\t\t\t<\/div>\n\t\t\t\t\t<\/div>\n\t\t<\/div>\n\t\t\t\t\t<\/div>\n\t\t<\/section>\n\t\t\t\t<\/div>\n\t\t","protected":false},"excerpt":{"rendered":"<p>Heimdall AB F\u00f6retaget Heimdall startades 2003 i G\u00e4vle och har idag kontor i Stockholm, G\u00e4vle och\u00a0Ljusdal. Heimdall vill bli en erk\u00e4nd och p\u00e5litlig golventrepren\u00f6r och vara ett av\u00a0marknadens starkaste varum\u00e4rken inom v\u00e5rt aff\u00e4rsomr\u00e5de. I v\u00e5r kundstock hittas\u00a0Skanska, Peab, NCC, Jernhusen och m\u00e5nga fler. \u00a0 F\u00f6retaget \u00e4gs idag av G\u00f6ran Anshagen och Erik Hasselberg. \u00a0 Aff\u00e4rsid\u00e9n [&hellip;]<\/p>\n","protected":false},"author":3,"featured_media":0,"parent":0,"menu_order":0,"comment_status":"closed","ping_status":"closed","template":"elementor_header_footer","meta":{"footnotes":""},"class_list":["post-1761","page","type-page","status-publish","hentry"],"_links":{"self":[{"href":"http:\/\/176.32.230.6\/heimdall.se\/wp-json\/wp\/v2\/pages\/1761","targetHints":{"allow":["GET"]}}],"collection":[{"href":"http:\/\/176.32.230.6\/heimdall.se\/wp-json\/wp\/v2\/pages"}],"about":[{"href":"http:\/\/176.32.230.6\/heimdall.se\/wp-json\/wp\/v2\/types\/page"}],"author":[{"embeddable":true,"href":"http:\/\/176.32.230.6\/heimdall.se\/wp-json\/wp\/v2\/users\/3"}],"replies":[{"embeddable":true,"href":"http:\/\/176.32.230.6\/heimdall.se\/wp-json\/wp\/v2\/comments?post=1761"}],"version-history":[{"count":4,"href":"http:\/\/176.32.230.6\/heimdall.se\/wp-json\/wp\/v2\/pages\/1761\/revisions"}],"predecessor-version":[{"id":2158,"href":"http:\/\/176.32.230.6\/heimdall.se\/wp-json\/wp\/v2\/pages\/1761\/revisions\/2158"}],"wp:attachment":[{"href":"http:\/\/176.32.230.6\/heimdall.se\/wp-json\/wp\/v2\/media?parent=1761"}],"curies":[{"name":"wp","href":"https:\/\/api.w.org\/{rel}","templated":true}]}}