{"id":1520,"date":"2022-08-23T13:35:50","date_gmt":"2022-08-23T13:35:50","guid":{"rendered":"http:\/\/176.32.230.6\/heimdall.se\/?page_id=1520"},"modified":"2023-02-13T13:33:19","modified_gmt":"2023-02-13T13:33:19","slug":"flytspackling","status":"publish","type":"page","link":"http:\/\/176.32.230.6\/heimdall.se\/flytspackling\/","title":{"rendered":"flytspackling"},"content":{"rendered":"\t\t<div data-elementor-type=\"wp-page\" data-elementor-id=\"1520\" class=\"elementor elementor-1520\">\n\t\t\t\t\t\t<section class=\"elementor-section elementor-top-section elementor-element elementor-element-1e08553e elementor-section-boxed elementor-section-height-default elementor-section-height-default\" data-id=\"1e08553e\" data-element_type=\"section\" data-e-type=\"section\">\n\t\t\t\t\t\t<div class=\"elementor-container elementor-column-gap-default\">\n\t\t\t\t\t<div class=\"elementor-column elementor-col-100 elementor-top-column elementor-element elementor-element-8cd278b\" data-id=\"8cd278b\" data-element_type=\"column\" data-e-type=\"column\">\n\t\t\t<div class=\"elementor-widget-wrap elementor-element-populated\">\n\t\t\t\t\t\t<div class=\"elementor-element elementor-element-48242ea3 elementor-widget elementor-widget-heading\" data-id=\"48242ea3\" data-element_type=\"widget\" data-e-type=\"widget\" data-widget_type=\"heading.default\">\n\t\t\t\t<div class=\"elementor-widget-container\">\n\t\t\t\t\t<h1 class=\"elementor-heading-title elementor-size-default\">Flytspackling och avj\u00e4mning<\/h1>\t\t\t\t<\/div>\n\t\t\t\t<\/div>\n\t\t\t\t<div class=\"elementor-element elementor-element-35035e86 elementor-widget elementor-widget-text-editor\" data-id=\"35035e86\" data-element_type=\"widget\" data-e-type=\"widget\" data-widget_type=\"text-editor.default\">\n\t\t\t\t<div class=\"elementor-widget-container\">\n\t\t\t\t\t\t\t\t\t<p>Flytspackling \u00e4r ett av v\u00e5ra vanligaste uppdrag eftersom det avj\u00e4mnar, f\u00f6rst\u00e4rker eller skapar lutande golv i m\u00e5nga olika infrastrukturer. Oavsett om det r\u00f6r sig om en industrilokal, badrum, k\u00f6k, entr\u00e9rum eller hall kan det finnas behov av flytspackling innan man t\u00e4cker den befintliga ytan med l\u00e4mplig bel\u00e4ggning. Flytspackel \u00e4r i sig ingen slityta utan m\u00e5ste bel\u00e4ggas med till exempel massagolv.<br \/><br \/>N\u00e4r man flytspacklar m\u00e5ste h\u00e4nsyn tas till underlag, temperatur, torktider, drag fr\u00e5n exempelvis avlopp och r\u00f6r och t\u00e4ckning vid d\u00f6rr\u00f6ppningar innan spacklingen genomf\u00f6rs. En betongyta m\u00e5ste vara fri fr\u00e5n olja och kemikalier innan den primas med l\u00e4mplig f\u00e4stprimer och m\u00e5ste i m\u00e5nga fall slipas f\u00f6r att bli fri fr\u00e5n orenheter och smuts. Flytspackling kan vara sv\u00e5rare \u00e4n vad man fr\u00e5n b\u00f6rjan kan tro och ist\u00e4llet f\u00f6r att g\u00f6ra det sj\u00e4lv och riskera att misslyckas kan du ta hj\u00e4lp av Heimdall Industrigolv, vi \u00e4r proffs p\u00e5 flytspackling!<\/p>\t\t\t\t\t\t\t\t<\/div>\n\t\t\t\t<\/div>\n\t\t\t\t<div class=\"elementor-element elementor-element-7826bc92 elementor-widget elementor-widget-button\" data-id=\"7826bc92\" data-element_type=\"widget\" data-e-type=\"widget\" data-widget_type=\"button.default\">\n\t\t\t\t<div class=\"elementor-widget-container\">\n\t\t\t\t\t\t\t\t\t<div class=\"elementor-button-wrapper\">\n\t\t\t\t\t<a class=\"elementor-button elementor-button-link elementor-size-md\" href=\"http:\/\/176.32.230.6\/heimdall.se\/offert\/\">\n\t\t\t\t\t\t<span class=\"elementor-button-content-wrapper\">\n\t\t\t\t\t\t<span class=\"elementor-button-icon\">\n\t\t\t\t<i aria-hidden=\"true\" class=\"fas fa-angle-double-right\"><\/i>\t\t\t<\/span>\n\t\t\t\t\t\t\t\t\t<span class=\"elementor-button-text\">Offertf\u00f6rfr\u00e5gan<\/span>\n\t\t\t\t\t<\/span>\n\t\t\t\t\t<\/a>\n\t\t\t\t<\/div>\n\t\t\t\t\t\t\t\t<\/div>\n\t\t\t\t<\/div>\n\t\t\t\t<div class=\"elementor-element elementor-element-decb59b elementor-widget elementor-widget-image\" data-id=\"decb59b\" data-element_type=\"widget\" data-e-type=\"widget\" data-widget_type=\"image.default\">\n\t\t\t\t<div class=\"elementor-widget-container\">\n\t\t\t\t\t\t\t\t\t\t\t\t\t\t\t<img fetchpriority=\"high\" decoding=\"async\" width=\"425\" height=\"302\" src=\"http:\/\/176.32.230.6\/heimdall.se\/wp-content\/uploads\/2023\/02\/www.heimdall.jpg\" class=\"attachment-large size-large wp-image-2102\" alt=\"\" srcset=\"http:\/\/176.32.230.6\/heimdall.se\/wp-content\/uploads\/2023\/02\/www.heimdall.jpg 425w, http:\/\/176.32.230.6\/heimdall.se\/wp-content\/uploads\/2023\/02\/www.heimdall-300x213.jpg 300w\" sizes=\"(max-width: 425px) 100vw, 425px\" \/>\t\t\t\t\t\t\t\t\t\t\t\t\t\t\t<\/div>\n\t\t\t\t<\/div>\n\t\t\t\t\t<\/div>\n\t\t<\/div>\n\t\t\t\t\t<\/div>\n\t\t<\/section>\n\t\t\t\t<\/div>\n\t\t","protected":false},"excerpt":{"rendered":"<p>Flytspackling och avj\u00e4mning Flytspackling \u00e4r ett av v\u00e5ra vanligaste uppdrag eftersom det avj\u00e4mnar, f\u00f6rst\u00e4rker eller skapar lutande golv i m\u00e5nga olika infrastrukturer. Oavsett om det r\u00f6r sig om en industrilokal, badrum, k\u00f6k, entr\u00e9rum eller hall kan det finnas behov av flytspackling innan man t\u00e4cker den befintliga ytan med l\u00e4mplig bel\u00e4ggning. Flytspackel \u00e4r i sig ingen [&hellip;]<\/p>\n","protected":false},"author":3,"featured_media":0,"parent":0,"menu_order":0,"comment_status":"closed","ping_status":"closed","template":"elementor_header_footer","meta":{"footnotes":""},"class_list":["post-1520","page","type-page","status-publish","hentry"],"_links":{"self":[{"href":"http:\/\/176.32.230.6\/heimdall.se\/wp-json\/wp\/v2\/pages\/1520","targetHints":{"allow":["GET"]}}],"collection":[{"href":"http:\/\/176.32.230.6\/heimdall.se\/wp-json\/wp\/v2\/pages"}],"about":[{"href":"http:\/\/176.32.230.6\/heimdall.se\/wp-json\/wp\/v2\/types\/page"}],"author":[{"embeddable":true,"href":"http:\/\/176.32.230.6\/heimdall.se\/wp-json\/wp\/v2\/users\/3"}],"replies":[{"embeddable":true,"href":"http:\/\/176.32.230.6\/heimdall.se\/wp-json\/wp\/v2\/comments?post=1520"}],"version-history":[{"count":4,"href":"http:\/\/176.32.230.6\/heimdall.se\/wp-json\/wp\/v2\/pages\/1520\/revisions"}],"predecessor-version":[{"id":2154,"href":"http:\/\/176.32.230.6\/heimdall.se\/wp-json\/wp\/v2\/pages\/1520\/revisions\/2154"}],"wp:attachment":[{"href":"http:\/\/176.32.230.6\/heimdall.se\/wp-json\/wp\/v2\/media?parent=1520"}],"curies":[{"name":"wp","href":"https:\/\/api.w.org\/{rel}","templated":true}]}}