{"id":1518,"date":"2022-08-23T13:35:28","date_gmt":"2022-08-23T13:35:28","guid":{"rendered":"http:\/\/176.32.230.6\/heimdall.se\/?page_id=1518"},"modified":"2023-02-13T13:14:58","modified_gmt":"2023-02-13T13:14:58","slug":"esd-anti-stat","status":"publish","type":"page","link":"http:\/\/176.32.230.6\/heimdall.se\/esd-anti-stat\/","title":{"rendered":"esd anti stat"},"content":{"rendered":"\t\t<div data-elementor-type=\"wp-page\" data-elementor-id=\"1518\" class=\"elementor elementor-1518\">\n\t\t\t\t\t\t<section class=\"elementor-section elementor-top-section elementor-element elementor-element-9cc32fc elementor-section-boxed elementor-section-height-default elementor-section-height-default\" data-id=\"9cc32fc\" data-element_type=\"section\" data-e-type=\"section\">\n\t\t\t\t\t\t<div class=\"elementor-container elementor-column-gap-default\">\n\t\t\t\t\t<div class=\"elementor-column elementor-col-100 elementor-top-column elementor-element elementor-element-5e2278bd\" data-id=\"5e2278bd\" data-element_type=\"column\" data-e-type=\"column\">\n\t\t\t<div class=\"elementor-widget-wrap elementor-element-populated\">\n\t\t\t\t\t\t<div class=\"elementor-element elementor-element-1e2b300c elementor-widget elementor-widget-heading\" data-id=\"1e2b300c\" data-element_type=\"widget\" data-e-type=\"widget\" data-widget_type=\"heading.default\">\n\t\t\t\t<div class=\"elementor-widget-container\">\n\t\t\t\t\t<h1 class=\"elementor-heading-title elementor-size-default\">Antistatiska golv<\/h1>\t\t\t\t<\/div>\n\t\t\t\t<\/div>\n\t\t\t\t<div class=\"elementor-element elementor-element-43a4d8e3 elementor-widget elementor-widget-text-editor\" data-id=\"43a4d8e3\" data-element_type=\"widget\" data-e-type=\"widget\" data-widget_type=\"text-editor.default\">\n\t\t\t\t<div class=\"elementor-widget-container\">\n\t\t\t\t\t\t\t\t\t<p>ESD st\u00e5r f\u00f6r elektrostatisk urladdning och skapas n\u00e4r objekt gnider mot varandra. Detta inneb\u00e4r att n\u00e4r du g\u00e5r p\u00e5 ett golv som inte \u00e4r antistatiskt kommer det bli en laddning som \u00e4r ett resultat av den skapade friktionen. Vi har alla f\u00e5tt st\u00f6tar fr\u00e5n d\u00f6rrhantag, ballonger och andra m\u00e4nniskor men faktum \u00e4r att denna urladdning \u00e4ven sker p\u00e5 golv. I lokaler d\u00e4r man jobbar med elektroniska produkter kan det vara av stor vikt att golvet \u00e4r antistatiskt.<\/p>\t\t\t\t\t\t\t\t<\/div>\n\t\t\t\t<\/div>\n\t\t\t\t<div class=\"elementor-element elementor-element-786dc29 elementor-widget elementor-widget-image\" data-id=\"786dc29\" data-element_type=\"widget\" data-e-type=\"widget\" data-widget_type=\"image.default\">\n\t\t\t\t<div class=\"elementor-widget-container\">\n\t\t\t\t\t\t\t\t\t\t\t\t\t\t\t<img fetchpriority=\"high\" decoding=\"async\" width=\"800\" height=\"533\" src=\"http:\/\/176.32.230.6\/heimdall.se\/wp-content\/uploads\/2023\/02\/HTC002298-72ppi.jpg\" class=\"attachment-large size-large wp-image-2136\" alt=\"\" srcset=\"http:\/\/176.32.230.6\/heimdall.se\/wp-content\/uploads\/2023\/02\/HTC002298-72ppi.jpg 1024w, http:\/\/176.32.230.6\/heimdall.se\/wp-content\/uploads\/2023\/02\/HTC002298-72ppi-300x200.jpg 300w, http:\/\/176.32.230.6\/heimdall.se\/wp-content\/uploads\/2023\/02\/HTC002298-72ppi-768x512.jpg 768w\" sizes=\"(max-width: 800px) 100vw, 800px\" \/>\t\t\t\t\t\t\t\t\t\t\t\t\t\t\t<\/div>\n\t\t\t\t<\/div>\n\t\t\t\t<div class=\"elementor-element elementor-element-629dbe6 elementor-widget elementor-widget-text-editor\" data-id=\"629dbe6\" data-element_type=\"widget\" data-e-type=\"widget\" data-widget_type=\"text-editor.default\">\n\t\t\t\t<div class=\"elementor-widget-container\">\n\t\t\t\t\t\t\t\t\t<h2>HTC Superfloor\u2122<\/h2><p>Resistanstest, utf\u00f6rda p\u00e5 bj\u00e4lklag och p\u00e5 betongplattor p\u00e5\u00a0marken, har visat att HTC Superfloor\u2122 uppfyller kraven i\u00a0standarden SS-EN 61340-5-1.\u00a0Uppm\u00e4tta v\u00e4rden uppfyller ocks\u00e5 den internationella\u00a0IEC-standarden och den amerikanska standarden ANSI\/ESD.\u00a0<\/p><h2>Massagolv<\/h2><p>\u00c4ven v\u00e5ra massagolv, epoxi, akryl och polyuretan, kan bli antistatiska men med vissa avvikelser i l\u00e4ggningen. N\u00e4r vi g\u00f6r massagolvet antistatiskt l\u00e4gger vi en primer p\u00e5 den f\u00f6rbehandlade betongen och l\u00e4gger d\u00e4refter p\u00e5 12mm breda kopparband p\u00e5 den nya ytan. Vi genomf\u00f6r sedan golvl\u00e4ggningen som vanligt. Detta klarar precis som\u00a0HTC Superfloor\u2122\u00a0tr\u00f6skelv\u00e4rdena f\u00f6r ESD- standarder.<\/p>\t\t\t\t\t\t\t\t<\/div>\n\t\t\t\t<\/div>\n\t\t\t\t<div class=\"elementor-element elementor-element-3abbbc24 elementor-widget elementor-widget-button\" data-id=\"3abbbc24\" data-element_type=\"widget\" data-e-type=\"widget\" data-widget_type=\"button.default\">\n\t\t\t\t<div class=\"elementor-widget-container\">\n\t\t\t\t\t\t\t\t\t<div class=\"elementor-button-wrapper\">\n\t\t\t\t\t<a class=\"elementor-button elementor-button-link elementor-size-md\" href=\"http:\/\/176.32.230.6\/heimdall.se\/offert\/\">\n\t\t\t\t\t\t<span class=\"elementor-button-content-wrapper\">\n\t\t\t\t\t\t<span class=\"elementor-button-icon\">\n\t\t\t\t<i aria-hidden=\"true\" class=\"fas fa-angle-double-right\"><\/i>\t\t\t<\/span>\n\t\t\t\t\t\t\t\t\t<span class=\"elementor-button-text\">Offertf\u00f6rfr\u00e5gan<\/span>\n\t\t\t\t\t<\/span>\n\t\t\t\t\t<\/a>\n\t\t\t\t<\/div>\n\t\t\t\t\t\t\t\t<\/div>\n\t\t\t\t<\/div>\n\t\t\t\t<div class=\"elementor-element elementor-element-b94831d elementor-widget elementor-widget-image\" data-id=\"b94831d\" data-element_type=\"widget\" data-e-type=\"widget\" data-widget_type=\"image.default\">\n\t\t\t\t<div class=\"elementor-widget-container\">\n\t\t\t\t\t\t\t\t\t\t\t\t\t\t\t<img decoding=\"async\" width=\"800\" height=\"534\" src=\"http:\/\/176.32.230.6\/heimdall.se\/wp-content\/uploads\/2023\/02\/877.jpg\" class=\"attachment-large size-large wp-image-2135\" alt=\"\" srcset=\"http:\/\/176.32.230.6\/heimdall.se\/wp-content\/uploads\/2023\/02\/877.jpg 1024w, http:\/\/176.32.230.6\/heimdall.se\/wp-content\/uploads\/2023\/02\/877-300x200.jpg 300w, http:\/\/176.32.230.6\/heimdall.se\/wp-content\/uploads\/2023\/02\/877-768x512.jpg 768w\" sizes=\"(max-width: 800px) 100vw, 800px\" \/>\t\t\t\t\t\t\t\t\t\t\t\t\t\t\t<\/div>\n\t\t\t\t<\/div>\n\t\t\t\t\t<\/div>\n\t\t<\/div>\n\t\t\t\t\t<\/div>\n\t\t<\/section>\n\t\t\t\t<\/div>\n\t\t","protected":false},"excerpt":{"rendered":"<p>Antistatiska golv ESD st\u00e5r f\u00f6r elektrostatisk urladdning och skapas n\u00e4r objekt gnider mot varandra. Detta inneb\u00e4r att n\u00e4r du g\u00e5r p\u00e5 ett golv som inte \u00e4r antistatiskt kommer det bli en laddning som \u00e4r ett resultat av den skapade friktionen. Vi har alla f\u00e5tt st\u00f6tar fr\u00e5n d\u00f6rrhantag, ballonger och andra m\u00e4nniskor men faktum \u00e4r att [&hellip;]<\/p>\n","protected":false},"author":3,"featured_media":0,"parent":0,"menu_order":0,"comment_status":"closed","ping_status":"closed","template":"elementor_header_footer","meta":{"footnotes":""},"class_list":["post-1518","page","type-page","status-publish","hentry"],"_links":{"self":[{"href":"http:\/\/176.32.230.6\/heimdall.se\/wp-json\/wp\/v2\/pages\/1518","targetHints":{"allow":["GET"]}}],"collection":[{"href":"http:\/\/176.32.230.6\/heimdall.se\/wp-json\/wp\/v2\/pages"}],"about":[{"href":"http:\/\/176.32.230.6\/heimdall.se\/wp-json\/wp\/v2\/types\/page"}],"author":[{"embeddable":true,"href":"http:\/\/176.32.230.6\/heimdall.se\/wp-json\/wp\/v2\/users\/3"}],"replies":[{"embeddable":true,"href":"http:\/\/176.32.230.6\/heimdall.se\/wp-json\/wp\/v2\/comments?post=1518"}],"version-history":[{"count":4,"href":"http:\/\/176.32.230.6\/heimdall.se\/wp-json\/wp\/v2\/pages\/1518\/revisions"}],"predecessor-version":[{"id":2139,"href":"http:\/\/176.32.230.6\/heimdall.se\/wp-json\/wp\/v2\/pages\/1518\/revisions\/2139"}],"wp:attachment":[{"href":"http:\/\/176.32.230.6\/heimdall.se\/wp-json\/wp\/v2\/media?parent=1518"}],"curies":[{"name":"wp","href":"https:\/\/api.w.org\/{rel}","templated":true}]}}