{"id":1516,"date":"2022-08-23T12:48:07","date_gmt":"2022-08-23T12:48:07","guid":{"rendered":"http:\/\/176.32.230.6\/heimdall.se\/?page_id=1516"},"modified":"2023-02-13T12:53:32","modified_gmt":"2023-02-13T12:53:32","slug":"infrastruktur","status":"publish","type":"page","link":"http:\/\/176.32.230.6\/heimdall.se\/infrastruktur\/","title":{"rendered":"infrastruktur"},"content":{"rendered":"\t\t<div data-elementor-type=\"wp-page\" data-elementor-id=\"1516\" class=\"elementor elementor-1516\">\n\t\t\t\t\t\t<section class=\"elementor-section elementor-top-section elementor-element elementor-element-7af0481f elementor-section-boxed elementor-section-height-default elementor-section-height-default\" data-id=\"7af0481f\" data-element_type=\"section\" data-e-type=\"section\">\n\t\t\t\t\t\t<div class=\"elementor-container elementor-column-gap-default\">\n\t\t\t\t\t<div class=\"elementor-column elementor-col-100 elementor-top-column elementor-element elementor-element-44f3191f\" data-id=\"44f3191f\" data-element_type=\"column\" data-e-type=\"column\">\n\t\t\t<div class=\"elementor-widget-wrap elementor-element-populated\">\n\t\t\t\t\t\t<div class=\"elementor-element elementor-element-73ac1de7 elementor-widget elementor-widget-heading\" data-id=\"73ac1de7\" data-element_type=\"widget\" data-e-type=\"widget\" data-widget_type=\"heading.default\">\n\t\t\t\t<div class=\"elementor-widget-container\">\n\t\t\t\t\t<h1 class=\"elementor-heading-title elementor-size-default\">Renovering av infrastruktur<\/h1>\t\t\t\t<\/div>\n\t\t\t\t<\/div>\n\t\t\t\t<div class=\"elementor-element elementor-element-38187ee1 elementor-widget elementor-widget-text-editor\" data-id=\"38187ee1\" data-element_type=\"widget\" data-e-type=\"widget\" data-widget_type=\"text-editor.default\">\n\t\t\t\t<div class=\"elementor-widget-container\">\n\t\t\t\t\t\t\t\t\t<h2>Broar<\/h2><p>Tack vare nya moderna slipmaskiner kan Heimdall Industrigolv skapa en perfekt yta b\u00e5de f\u00f6r bel\u00e4ggningar och ytskikt. Att st\u00e4nga broar \u00e4r p\u00e5frestande f\u00f6r samh\u00e4llet och det \u00e4r viktigt att arbetet g\u00e5r snabbt och effektivt. Bland f\u00f6rdelarna med slipning finns snabbheten och skonsamheten mot konstruktionen. Detta skiljer sig mot till exempel en fr\u00e4smaskin som \u00e4r l\u00e5ngsammare och tuffare mot ytan<\/p><h2><br \/>V\u00e4gar<\/h2><p>Betongv\u00e4gar kan med f\u00f6rdel slipas f\u00f6r att minska buller och partiklar. En betongyta som \u00e4r nygjuten blir h\u00e5rdare efter slipning d\u00e5 det mjuka toppskiktet avl\u00e4gsnas och ballasten exponeras i h\u00f6gre grad. F\u00f6rdelarna \u00e4r likartade med asfaltsslipning med minskat buller, rullmotst\u00e5nd och partikelemission.<\/p><p>\u00c4ven asfalt kan slipas f\u00f6r avj\u00e4mning av ytan. Minskat buller, l\u00e4gre rullmotst\u00e5nd, minskad partikelemission och en ljusare v\u00e4gbana \u00e4r bara n\u00e5gra av f\u00f6rdelarna med att slipa asfalten ist\u00e4llet f\u00f6r att l\u00e4gga ny. Dessutom g\u00e5r slipningen betydligt snabbare!<\/p>\t\t\t\t\t\t\t\t<\/div>\n\t\t\t\t<\/div>\n\t\t\t\t<div class=\"elementor-element elementor-element-52f51628 elementor-widget elementor-widget-button\" data-id=\"52f51628\" data-element_type=\"widget\" data-e-type=\"widget\" data-widget_type=\"button.default\">\n\t\t\t\t<div class=\"elementor-widget-container\">\n\t\t\t\t\t\t\t\t\t<div class=\"elementor-button-wrapper\">\n\t\t\t\t\t<a class=\"elementor-button elementor-button-link elementor-size-md\" href=\"http:\/\/176.32.230.6\/heimdall.se\/offert\/\">\n\t\t\t\t\t\t<span class=\"elementor-button-content-wrapper\">\n\t\t\t\t\t\t<span class=\"elementor-button-icon\">\n\t\t\t\t<i aria-hidden=\"true\" class=\"fas fa-angle-double-right\"><\/i>\t\t\t<\/span>\n\t\t\t\t\t\t\t\t\t<span class=\"elementor-button-text\">Offertf\u00f6rfr\u00e5gan<\/span>\n\t\t\t\t\t<\/span>\n\t\t\t\t\t<\/a>\n\t\t\t\t<\/div>\n\t\t\t\t\t\t\t\t<\/div>\n\t\t\t\t<\/div>\n\t\t\t\t<div class=\"elementor-element elementor-element-e1df3c4 elementor-skin-slideshow elementor-aspect-ratio-219 elementor-arrows-yes elementor-widget elementor-widget-media-carousel\" data-id=\"e1df3c4\" data-element_type=\"widget\" data-e-type=\"widget\" data-settings=\"{&quot;skin&quot;:&quot;slideshow&quot;,&quot;effect&quot;:&quot;slide&quot;,&quot;show_arrows&quot;:&quot;yes&quot;,&quot;speed&quot;:500,&quot;autoplay&quot;:&quot;yes&quot;,&quot;autoplay_speed&quot;:5000,&quot;loop&quot;:&quot;yes&quot;,&quot;pause_on_hover&quot;:&quot;yes&quot;,&quot;pause_on_interaction&quot;:&quot;yes&quot;,&quot;space_between&quot;:{&quot;unit&quot;:&quot;px&quot;,&quot;size&quot;:10,&quot;sizes&quot;:[]},&quot;space_between_tablet&quot;:{&quot;unit&quot;:&quot;px&quot;,&quot;size&quot;:10,&quot;sizes&quot;:[]},&quot;space_between_mobile&quot;:{&quot;unit&quot;:&quot;px&quot;,&quot;size&quot;:10,&quot;sizes&quot;:[]}}\" data-widget_type=\"media-carousel.default\">\n\t\t\t\t<div class=\"elementor-widget-container\">\n\t\t\t\t\t\t\t<div class=\"elementor-swiper\">\n\t\t\t<div class=\"elementor-main-swiper swiper-container\">\n\t\t\t\t<div class=\"swiper-wrapper\">\n\t\t\t\t\t\t\t\t\t\t\t<div class=\"swiper-slide\">\n\t\t\t\t\t\t\t\t\t<div class=\"elementor-carousel-image\" style=\"background-image: url(http:\/\/176.32.230.6\/heimdall.se\/wp-content\/uploads\/2023\/02\/2012-10-11-09-19-12-jpg.jpg)\">\n\n\t\t\t\n\t\t\t\t\t<\/div>\n\t\t\t\t\t\t\t\t<\/div>\n\t\t\t\t\t\t\t\t\t\t\t<div class=\"swiper-slide\">\n\t\t\t\t\t\t\t\t\t<div class=\"elementor-carousel-image\" style=\"background-image: url(http:\/\/176.32.230.6\/heimdall.se\/wp-content\/uploads\/2023\/02\/879.jpg)\">\n\n\t\t\t\n\t\t\t\t\t<\/div>\n\t\t\t\t\t\t\t\t<\/div>\n\t\t\t\t\t\t\t\t\t\t\t<div class=\"swiper-slide\">\n\t\t\t\t\t\t\t\t\t<div class=\"elementor-carousel-image\" style=\"background-image: url(http:\/\/176.32.230.6\/heimdall.se\/wp-content\/uploads\/2023\/02\/878.jpg)\">\n\n\t\t\t\n\t\t\t\t\t<\/div>\n\t\t\t\t\t\t\t\t<\/div>\n\t\t\t\t\t\t\t\t\t\t\t<div class=\"swiper-slide\">\n\t\t\t\t\t\t\t\t\t<div class=\"elementor-carousel-image\" style=\"background-image: url(http:\/\/176.32.230.6\/heimdall.se\/wp-content\/uploads\/2023\/02\/87.jpg)\">\n\n\t\t\t\n\t\t\t\t\t<\/div>\n\t\t\t\t\t\t\t\t<\/div>\n\t\t\t\t\t\t\t\t\t<\/div>\n\t\t\t\t\t\t\t\t\t\t\t\t\t\t\t\t\t\t\t\t<div class=\"elementor-swiper-button elementor-swiper-button-prev\">\n\t\t\t\t\t\t\t<i aria-hidden=\"true\" class=\"eicon-chevron-left\"><\/i>\t\t\t\t\t\t\t<span class=\"elementor-screen-only\">F\u00f6reg\u00e5ende<\/span>\n\t\t\t\t\t\t<\/div>\n\t\t\t\t\t\t<div class=\"elementor-swiper-button elementor-swiper-button-next\">\n\t\t\t\t\t\t\t<i aria-hidden=\"true\" class=\"eicon-chevron-right\"><\/i>\t\t\t\t\t\t\t<span class=\"elementor-screen-only\">N\u00e4sta<\/span>\n\t\t\t\t\t\t<\/div>\n\t\t\t\t\t\t\t\t\t\t\t\t<\/div>\n\t\t<\/div>\n\t\t\t\t<div class=\"elementor-swiper\">\n\t\t\t<div class=\"elementor-thumbnails-swiper swiper-container\">\n\t\t\t\t<div class=\"swiper-wrapper\">\n\t\t\t\t\t\t\t\t\t\t\t<div class=\"swiper-slide\">\n\t\t\t\t\t\t\t\t\t<div class=\"elementor-fit-aspect-ratio elementor-carousel-image\" style=\"background-image: url(http:\/\/176.32.230.6\/heimdall.se\/wp-content\/uploads\/2023\/02\/2012-10-11-09-19-12-jpg.jpg)\">\n\n\t\t\t\n\t\t\t\t\t<\/div>\n\t\t\t\t\t\t\t\t<\/div>\n\t\t\t\t\t\t\t\t\t\t\t<div class=\"swiper-slide\">\n\t\t\t\t\t\t\t\t\t<div class=\"elementor-fit-aspect-ratio elementor-carousel-image\" style=\"background-image: url(http:\/\/176.32.230.6\/heimdall.se\/wp-content\/uploads\/2023\/02\/879.jpg)\">\n\n\t\t\t\n\t\t\t\t\t<\/div>\n\t\t\t\t\t\t\t\t<\/div>\n\t\t\t\t\t\t\t\t\t\t\t<div class=\"swiper-slide\">\n\t\t\t\t\t\t\t\t\t<div class=\"elementor-fit-aspect-ratio elementor-carousel-image\" style=\"background-image: url(http:\/\/176.32.230.6\/heimdall.se\/wp-content\/uploads\/2023\/02\/878.jpg)\">\n\n\t\t\t\n\t\t\t\t\t<\/div>\n\t\t\t\t\t\t\t\t<\/div>\n\t\t\t\t\t\t\t\t\t\t\t<div class=\"swiper-slide\">\n\t\t\t\t\t\t\t\t\t<div class=\"elementor-fit-aspect-ratio elementor-carousel-image\" style=\"background-image: url(http:\/\/176.32.230.6\/heimdall.se\/wp-content\/uploads\/2023\/02\/87.jpg)\">\n\n\t\t\t\n\t\t\t\t\t<\/div>\n\t\t\t\t\t\t\t\t<\/div>\n\t\t\t\t\t\t\t\t\t<\/div>\n\t\t\t\t\t\t\t\t\t\t\t\t\t\t\t\t\t\t\t\t\t<\/div>\n\t\t<\/div>\n\t\t\t\t\t\t<\/div>\n\t\t\t\t<\/div>\n\t\t\t\t\t<\/div>\n\t\t<\/div>\n\t\t\t\t\t<\/div>\n\t\t<\/section>\n\t\t\t\t<\/div>\n\t\t","protected":false},"excerpt":{"rendered":"<p>Renovering av infrastruktur Broar Tack vare nya moderna slipmaskiner kan Heimdall Industrigolv skapa en perfekt yta b\u00e5de f\u00f6r bel\u00e4ggningar och ytskikt. Att st\u00e4nga broar \u00e4r p\u00e5frestande f\u00f6r samh\u00e4llet och det \u00e4r viktigt att arbetet g\u00e5r snabbt och effektivt. Bland f\u00f6rdelarna med slipning finns snabbheten och skonsamheten mot konstruktionen. Detta skiljer sig mot till exempel en [&hellip;]<\/p>\n","protected":false},"author":3,"featured_media":0,"parent":0,"menu_order":0,"comment_status":"closed","ping_status":"closed","template":"elementor_header_footer","meta":{"footnotes":""},"class_list":["post-1516","page","type-page","status-publish","hentry"],"_links":{"self":[{"href":"http:\/\/176.32.230.6\/heimdall.se\/wp-json\/wp\/v2\/pages\/1516","targetHints":{"allow":["GET"]}}],"collection":[{"href":"http:\/\/176.32.230.6\/heimdall.se\/wp-json\/wp\/v2\/pages"}],"about":[{"href":"http:\/\/176.32.230.6\/heimdall.se\/wp-json\/wp\/v2\/types\/page"}],"author":[{"embeddable":true,"href":"http:\/\/176.32.230.6\/heimdall.se\/wp-json\/wp\/v2\/users\/3"}],"replies":[{"embeddable":true,"href":"http:\/\/176.32.230.6\/heimdall.se\/wp-json\/wp\/v2\/comments?post=1516"}],"version-history":[{"count":7,"href":"http:\/\/176.32.230.6\/heimdall.se\/wp-json\/wp\/v2\/pages\/1516\/revisions"}],"predecessor-version":[{"id":2125,"href":"http:\/\/176.32.230.6\/heimdall.se\/wp-json\/wp\/v2\/pages\/1516\/revisions\/2125"}],"wp:attachment":[{"href":"http:\/\/176.32.230.6\/heimdall.se\/wp-json\/wp\/v2\/media?parent=1516"}],"curies":[{"name":"wp","href":"https:\/\/api.w.org\/{rel}","templated":true}]}}