{"id":1514,"date":"2022-08-23T12:47:19","date_gmt":"2022-08-23T12:47:19","guid":{"rendered":"http:\/\/176.32.230.6\/heimdall.se\/?page_id=1514"},"modified":"2023-02-13T13:09:42","modified_gmt":"2023-02-13T13:09:42","slug":"renovering-och-sanering","status":"publish","type":"page","link":"http:\/\/176.32.230.6\/heimdall.se\/renovering-och-sanering\/","title":{"rendered":"renovering och sanering"},"content":{"rendered":"\t\t<div data-elementor-type=\"wp-page\" data-elementor-id=\"1514\" class=\"elementor elementor-1514\">\n\t\t\t\t\t\t<section class=\"elementor-section elementor-top-section elementor-element elementor-element-7ad66c82 elementor-section-boxed elementor-section-height-default elementor-section-height-default\" data-id=\"7ad66c82\" data-element_type=\"section\" data-e-type=\"section\">\n\t\t\t\t\t\t<div class=\"elementor-container elementor-column-gap-default\">\n\t\t\t\t\t<div class=\"elementor-column elementor-col-100 elementor-top-column elementor-element elementor-element-7d2e9127\" data-id=\"7d2e9127\" data-element_type=\"column\" data-e-type=\"column\">\n\t\t\t<div class=\"elementor-widget-wrap elementor-element-populated\">\n\t\t\t\t\t\t<div class=\"elementor-element elementor-element-5955ac55 elementor-widget elementor-widget-heading\" data-id=\"5955ac55\" data-element_type=\"widget\" data-e-type=\"widget\" data-widget_type=\"heading.default\">\n\t\t\t\t<div class=\"elementor-widget-container\">\n\t\t\t\t\t<h1 class=\"elementor-heading-title elementor-size-default\">Renovering och sanering<\/h1>\t\t\t\t<\/div>\n\t\t\t\t<\/div>\n\t\t\t\t<div class=\"elementor-element elementor-element-3e016771 elementor-widget elementor-widget-text-editor\" data-id=\"3e016771\" data-element_type=\"widget\" data-e-type=\"widget\" data-widget_type=\"text-editor.default\">\n\t\t\t\t<div class=\"elementor-widget-container\">\n\t\t\t\t\t\t\t\t\t<p>Heimdall slipar, bl\u00e4strar och fr\u00e4ser ofta underliggande golvytor f\u00f6r att kunna f\u00f6rbereda f\u00f6r nya ytskikt. Framf\u00f6r allt \u00e4r slipningen n\u00e5got vi lyfter och talar varmt om. Med slipning tar du bort gammal golvbel\u00e4ggning, ytavj\u00e4mnar den underliggande betongen och skapar en ny yta f\u00f6r vidare behandling &#8211; samtidigt!<\/p><h2>Det \u00e4r detta som \u00e4r HTC Superprep\u2122<\/h2><p>Att slipa golv har m\u00e4nniskor gjort i tusentals \u00e5r men den teknologiska utvecklingen av slipmaskiner och diamantverktyg de senaste tv\u00e5 decennierna har gjort att man idag sparar tid och pengar p\u00e5 att anv\u00e4nda slipmaskiner ist\u00e4llet f\u00f6r exempelvis fr\u00e4sar och bl\u00e4stringsmaskiner vid golvavj\u00e4mning och golvrenovering.<\/p><p>\u00a0<\/p><ul><li><strong>Spara\u00a0tid<\/strong>\u00a0\u2013 klart f\u00f6r vidare behandling<\/li><li><strong>Spara pengar<\/strong>\u00a0\u2013 mindre material\u00e5tg\u00e5ng<\/li><li><strong>Spara energi<\/strong>\u00a0\u2013 milj\u00f6v\u00e4nligare \u00e4n andra alternativ<\/li><li><strong>Spara personal<\/strong>\u2013 med ett smartare arbetss\u00e4tt och f\u00f6rb\u00e4ttrad arbetsmilj\u00f6.\u00a0<br \/><br \/><\/li><\/ul>\t\t\t\t\t\t\t\t<\/div>\n\t\t\t\t<\/div>\n\t\t\t\t<div class=\"elementor-element elementor-element-7f84f443 elementor-widget elementor-widget-button\" data-id=\"7f84f443\" data-element_type=\"widget\" data-e-type=\"widget\" data-widget_type=\"button.default\">\n\t\t\t\t<div class=\"elementor-widget-container\">\n\t\t\t\t\t\t\t\t\t<div class=\"elementor-button-wrapper\">\n\t\t\t\t\t<a class=\"elementor-button elementor-button-link elementor-size-md\" href=\"http:\/\/176.32.230.6\/heimdall.se\/offert\/\">\n\t\t\t\t\t\t<span class=\"elementor-button-content-wrapper\">\n\t\t\t\t\t\t<span class=\"elementor-button-icon\">\n\t\t\t\t<i aria-hidden=\"true\" class=\"fas fa-angle-double-right\"><\/i>\t\t\t<\/span>\n\t\t\t\t\t\t\t\t\t<span class=\"elementor-button-text\">Offertf\u00f6rfr\u00e5gan<\/span>\n\t\t\t\t\t<\/span>\n\t\t\t\t\t<\/a>\n\t\t\t\t<\/div>\n\t\t\t\t\t\t\t\t<\/div>\n\t\t\t\t<\/div>\n\t\t\t\t<div class=\"elementor-element elementor-element-2e44f5e0 elementor-widget elementor-widget-image\" data-id=\"2e44f5e0\" data-element_type=\"widget\" data-e-type=\"widget\" data-widget_type=\"image.default\">\n\t\t\t\t<div class=\"elementor-widget-container\">\n\t\t\t\t\t\t\t\t\t\t\t\t\t\t\t<img fetchpriority=\"high\" decoding=\"async\" width=\"800\" height=\"628\" src=\"http:\/\/176.32.230.6\/heimdall.se\/wp-content\/uploads\/2023\/02\/HC550-0046-72dpi.jpg\" class=\"attachment-large size-large wp-image-2130\" alt=\"\" srcset=\"http:\/\/176.32.230.6\/heimdall.se\/wp-content\/uploads\/2023\/02\/HC550-0046-72dpi.jpg 1024w, http:\/\/176.32.230.6\/heimdall.se\/wp-content\/uploads\/2023\/02\/HC550-0046-72dpi-300x236.jpg 300w, http:\/\/176.32.230.6\/heimdall.se\/wp-content\/uploads\/2023\/02\/HC550-0046-72dpi-768x603.jpg 768w\" sizes=\"(max-width: 800px) 100vw, 800px\" \/>\t\t\t\t\t\t\t\t\t\t\t\t\t\t\t<\/div>\n\t\t\t\t<\/div>\n\t\t\t\t\t<\/div>\n\t\t<\/div>\n\t\t\t\t\t<\/div>\n\t\t<\/section>\n\t\t\t\t<\/div>\n\t\t","protected":false},"excerpt":{"rendered":"<p>Renovering och sanering Heimdall slipar, bl\u00e4strar och fr\u00e4ser ofta underliggande golvytor f\u00f6r att kunna f\u00f6rbereda f\u00f6r nya ytskikt. Framf\u00f6r allt \u00e4r slipningen n\u00e5got vi lyfter och talar varmt om. Med slipning tar du bort gammal golvbel\u00e4ggning, ytavj\u00e4mnar den underliggande betongen och skapar en ny yta f\u00f6r vidare behandling &#8211; samtidigt! Det \u00e4r detta som \u00e4r [&hellip;]<\/p>\n","protected":false},"author":3,"featured_media":0,"parent":0,"menu_order":0,"comment_status":"closed","ping_status":"closed","template":"elementor_header_footer","meta":{"footnotes":""},"class_list":["post-1514","page","type-page","status-publish","hentry"],"_links":{"self":[{"href":"http:\/\/176.32.230.6\/heimdall.se\/wp-json\/wp\/v2\/pages\/1514","targetHints":{"allow":["GET"]}}],"collection":[{"href":"http:\/\/176.32.230.6\/heimdall.se\/wp-json\/wp\/v2\/pages"}],"about":[{"href":"http:\/\/176.32.230.6\/heimdall.se\/wp-json\/wp\/v2\/types\/page"}],"author":[{"embeddable":true,"href":"http:\/\/176.32.230.6\/heimdall.se\/wp-json\/wp\/v2\/users\/3"}],"replies":[{"embeddable":true,"href":"http:\/\/176.32.230.6\/heimdall.se\/wp-json\/wp\/v2\/comments?post=1514"}],"version-history":[{"count":4,"href":"http:\/\/176.32.230.6\/heimdall.se\/wp-json\/wp\/v2\/pages\/1514\/revisions"}],"predecessor-version":[{"id":2133,"href":"http:\/\/176.32.230.6\/heimdall.se\/wp-json\/wp\/v2\/pages\/1514\/revisions\/2133"}],"wp:attachment":[{"href":"http:\/\/176.32.230.6\/heimdall.se\/wp-json\/wp\/v2\/media?parent=1514"}],"curies":[{"name":"wp","href":"https:\/\/api.w.org\/{rel}","templated":true}]}}