{"id":1512,"date":"2022-08-23T12:46:47","date_gmt":"2022-08-23T12:46:47","guid":{"rendered":"http:\/\/176.32.230.6\/heimdall.se\/?page_id=1512"},"modified":"2023-02-13T12:42:09","modified_gmt":"2023-02-13T12:42:09","slug":"ovriga-golvlosningar","status":"publish","type":"page","link":"http:\/\/176.32.230.6\/heimdall.se\/ovriga-golvlosningar\/","title":{"rendered":"\u00f6vriga golvl\u00f6sningar"},"content":{"rendered":"\t\t<div data-elementor-type=\"wp-page\" data-elementor-id=\"1512\" class=\"elementor elementor-1512\">\n\t\t\t\t\t\t<section class=\"elementor-section elementor-top-section elementor-element elementor-element-6b0db9f4 elementor-section-boxed elementor-section-height-default elementor-section-height-default\" data-id=\"6b0db9f4\" data-element_type=\"section\" data-e-type=\"section\">\n\t\t\t\t\t\t<div class=\"elementor-container elementor-column-gap-default\">\n\t\t\t\t\t<div class=\"elementor-column elementor-col-100 elementor-top-column elementor-element elementor-element-2860aadd\" data-id=\"2860aadd\" data-element_type=\"column\" data-e-type=\"column\">\n\t\t\t<div class=\"elementor-widget-wrap elementor-element-populated\">\n\t\t\t\t\t\t<div class=\"elementor-element elementor-element-6975a9c3 elementor-widget elementor-widget-heading\" data-id=\"6975a9c3\" data-element_type=\"widget\" data-e-type=\"widget\" data-widget_type=\"heading.default\">\n\t\t\t\t<div class=\"elementor-widget-container\">\n\t\t\t\t\t<h1 class=\"elementor-heading-title elementor-size-default\">\u00d6vriga golvl\u00f6sningar<\/h1>\t\t\t\t<\/div>\n\t\t\t\t<\/div>\n\t\t\t\t<div class=\"elementor-element elementor-element-722a428 elementor-icon-list--layout-inline elementor-list-item-link-full_width elementor-widget elementor-widget-icon-list\" data-id=\"722a428\" data-element_type=\"widget\" data-e-type=\"widget\" data-widget_type=\"icon-list.default\">\n\t\t\t\t<div class=\"elementor-widget-container\">\n\t\t\t\t\t\t\t<ul class=\"elementor-icon-list-items elementor-inline-items\">\n\t\t\t\t\t\t\t<li class=\"elementor-icon-list-item elementor-inline-item\">\n\t\t\t\t\t\t\t\t\t\t\t<a href=\"http:\/\/176.32.230.6\/heimdall.se\/renovering-och-sanering\/\">\n\n\t\t\t\t\t\t\t\t\t\t\t<span class=\"elementor-icon-list-text\">Renovering och sanering<\/span>\n\t\t\t\t\t\t\t\t\t\t\t<\/a>\n\t\t\t\t\t\t\t\t\t<\/li>\n\t\t\t\t\t\t\t\t<li class=\"elementor-icon-list-item elementor-inline-item\">\n\t\t\t\t\t\t\t\t\t\t\t<a href=\"http:\/\/176.32.230.6\/heimdall.se\/natursten\/\">\n\n\t\t\t\t\t\t\t\t\t\t\t\t<span class=\"elementor-icon-list-icon\">\n\t\t\t\t\t\t\t<i aria-hidden=\"true\" class=\"fas fa-angle-double-right\"><\/i>\t\t\t\t\t\t<\/span>\n\t\t\t\t\t\t\t\t\t\t<span class=\"elementor-icon-list-text\">Natursten<\/span>\n\t\t\t\t\t\t\t\t\t\t\t<\/a>\n\t\t\t\t\t\t\t\t\t<\/li>\n\t\t\t\t\t\t\t\t<li class=\"elementor-icon-list-item elementor-inline-item\">\n\t\t\t\t\t\t\t\t\t\t\t<a href=\"http:\/\/176.32.230.6\/heimdall.se\/infrastruktur\/\">\n\n\t\t\t\t\t\t\t\t\t\t\t\t<span class=\"elementor-icon-list-icon\">\n\t\t\t\t\t\t\t<i aria-hidden=\"true\" class=\"fas fa-angle-double-right\"><\/i>\t\t\t\t\t\t<\/span>\n\t\t\t\t\t\t\t\t\t\t<span class=\"elementor-icon-list-text\">Infrastruktur<\/span>\n\t\t\t\t\t\t\t\t\t\t\t<\/a>\n\t\t\t\t\t\t\t\t\t<\/li>\n\t\t\t\t\t\t\t\t<li class=\"elementor-icon-list-item elementor-inline-item\">\n\t\t\t\t\t\t\t\t\t\t\t<a href=\"http:\/\/176.32.230.6\/heimdall.se\/esd-anti-stat\/\">\n\n\t\t\t\t\t\t\t\t\t\t\t\t<span class=\"elementor-icon-list-icon\">\n\t\t\t\t\t\t\t<i aria-hidden=\"true\" class=\"fas fa-angle-double-right\"><\/i>\t\t\t\t\t\t<\/span>\n\t\t\t\t\t\t\t\t\t\t<span class=\"elementor-icon-list-text\">ESD Anti -stat<\/span>\n\t\t\t\t\t\t\t\t\t\t\t<\/a>\n\t\t\t\t\t\t\t\t\t<\/li>\n\t\t\t\t\t\t\t\t<li class=\"elementor-icon-list-item elementor-inline-item\">\n\t\t\t\t\t\t\t\t\t\t\t<a href=\"http:\/\/176.32.230.6\/heimdall.se\/flytspackling\/\">\n\n\t\t\t\t\t\t\t\t\t\t\t\t<span class=\"elementor-icon-list-icon\">\n\t\t\t\t\t\t\t<i aria-hidden=\"true\" class=\"fas fa-angle-double-right\"><\/i>\t\t\t\t\t\t<\/span>\n\t\t\t\t\t\t\t\t\t\t<span class=\"elementor-icon-list-text\">Flytspackling<\/span>\n\t\t\t\t\t\t\t\t\t\t\t<\/a>\n\t\t\t\t\t\t\t\t\t<\/li>\n\t\t\t\t\t\t<\/ul>\n\t\t\t\t\t\t<\/div>\n\t\t\t\t<\/div>\n\t\t\t\t<div class=\"elementor-element elementor-element-5baa3296 elementor-widget elementor-widget-text-editor\" data-id=\"5baa3296\" data-element_type=\"widget\" data-e-type=\"widget\" data-widget_type=\"text-editor.default\">\n\t\t\t\t<div class=\"elementor-widget-container\">\n\t\t\t\t\t\t\t\t\t<p>Under denna flik som vi d\u00f6pt till &#8221;\u00f6vriga golvl\u00f6sningar&#8221; hittar du v\u00e5r f\u00f6renliga verksamhet. Ut\u00f6ver v\u00e5ra massagolv och betonggolv utf\u00f6r vi \u00e4ven renoveringar, saneringar, grovslipningar och avj\u00e4mningar.<\/p>\t\t\t\t\t\t\t\t<\/div>\n\t\t\t\t<\/div>\n\t\t\t\t<div class=\"elementor-element elementor-element-35e8bb09 elementor-widget elementor-widget-button\" data-id=\"35e8bb09\" data-element_type=\"widget\" data-e-type=\"widget\" data-widget_type=\"button.default\">\n\t\t\t\t<div class=\"elementor-widget-container\">\n\t\t\t\t\t\t\t\t\t<div class=\"elementor-button-wrapper\">\n\t\t\t\t\t<a class=\"elementor-button elementor-button-link elementor-size-md\" href=\"http:\/\/176.32.230.6\/heimdall.se\/offert\/\">\n\t\t\t\t\t\t<span class=\"elementor-button-content-wrapper\">\n\t\t\t\t\t\t<span class=\"elementor-button-icon\">\n\t\t\t\t<i aria-hidden=\"true\" class=\"fas fa-angle-double-right\"><\/i>\t\t\t<\/span>\n\t\t\t\t\t\t\t\t\t<span class=\"elementor-button-text\">Offertf\u00f6rfr\u00e5gan<\/span>\n\t\t\t\t\t<\/span>\n\t\t\t\t\t<\/a>\n\t\t\t\t<\/div>\n\t\t\t\t\t\t\t\t<\/div>\n\t\t\t\t<\/div>\n\t\t\t\t<div class=\"elementor-element elementor-element-75e06073 elementor-widget elementor-widget-image\" data-id=\"75e06073\" data-element_type=\"widget\" data-e-type=\"widget\" data-widget_type=\"image.default\">\n\t\t\t\t<div class=\"elementor-widget-container\">\n\t\t\t\t\t\t\t\t\t\t\t\t\t\t\t<img fetchpriority=\"high\" decoding=\"async\" width=\"425\" height=\"302\" src=\"http:\/\/176.32.230.6\/heimdall.se\/wp-content\/uploads\/2023\/02\/www.heimdall.jpg\" class=\"attachment-large size-large wp-image-2102\" alt=\"\" srcset=\"http:\/\/176.32.230.6\/heimdall.se\/wp-content\/uploads\/2023\/02\/www.heimdall.jpg 425w, http:\/\/176.32.230.6\/heimdall.se\/wp-content\/uploads\/2023\/02\/www.heimdall-300x213.jpg 300w\" sizes=\"(max-width: 425px) 100vw, 425px\" \/>\t\t\t\t\t\t\t\t\t\t\t\t\t\t\t<\/div>\n\t\t\t\t<\/div>\n\t\t\t\t\t<\/div>\n\t\t<\/div>\n\t\t\t\t\t<\/div>\n\t\t<\/section>\n\t\t\t\t<\/div>\n\t\t","protected":false},"excerpt":{"rendered":"<p>\u00d6vriga golvl\u00f6sningar Renovering och sanering Natursten Infrastruktur ESD Anti -stat Flytspackling Under denna flik som vi d\u00f6pt till &#8221;\u00f6vriga golvl\u00f6sningar&#8221; hittar du v\u00e5r f\u00f6renliga verksamhet. Ut\u00f6ver v\u00e5ra massagolv och betonggolv utf\u00f6r vi \u00e4ven renoveringar, saneringar, grovslipningar och avj\u00e4mningar. Offertf\u00f6rfr\u00e5gan<\/p>\n","protected":false},"author":3,"featured_media":0,"parent":0,"menu_order":0,"comment_status":"closed","ping_status":"closed","template":"elementor_header_footer","meta":{"footnotes":""},"class_list":["post-1512","page","type-page","status-publish","hentry"],"_links":{"self":[{"href":"http:\/\/176.32.230.6\/heimdall.se\/wp-json\/wp\/v2\/pages\/1512","targetHints":{"allow":["GET"]}}],"collection":[{"href":"http:\/\/176.32.230.6\/heimdall.se\/wp-json\/wp\/v2\/pages"}],"about":[{"href":"http:\/\/176.32.230.6\/heimdall.se\/wp-json\/wp\/v2\/types\/page"}],"author":[{"embeddable":true,"href":"http:\/\/176.32.230.6\/heimdall.se\/wp-json\/wp\/v2\/users\/3"}],"replies":[{"embeddable":true,"href":"http:\/\/176.32.230.6\/heimdall.se\/wp-json\/wp\/v2\/comments?post=1512"}],"version-history":[{"count":16,"href":"http:\/\/176.32.230.6\/heimdall.se\/wp-json\/wp\/v2\/pages\/1512\/revisions"}],"predecessor-version":[{"id":2114,"href":"http:\/\/176.32.230.6\/heimdall.se\/wp-json\/wp\/v2\/pages\/1512\/revisions\/2114"}],"wp:attachment":[{"href":"http:\/\/176.32.230.6\/heimdall.se\/wp-json\/wp\/v2\/media?parent=1512"}],"curies":[{"name":"wp","href":"https:\/\/api.w.org\/{rel}","templated":true}]}}