{"id":1419,"date":"2022-08-11T09:20:42","date_gmt":"2022-08-11T09:20:42","guid":{"rendered":"http:\/\/176.32.230.6\/heimdall.se\/?page_id=1419"},"modified":"2023-01-31T13:40:28","modified_gmt":"2023-01-31T13:40:28","slug":"akrylgolv","status":"publish","type":"page","link":"http:\/\/176.32.230.6\/heimdall.se\/akrylgolv\/","title":{"rendered":"Akrylgolv"},"content":{"rendered":"\t\t<div data-elementor-type=\"wp-page\" data-elementor-id=\"1419\" class=\"elementor elementor-1419\">\n\t\t\t\t\t\t<section class=\"elementor-section elementor-top-section elementor-element elementor-element-673ab42c elementor-section-boxed elementor-section-height-default elementor-section-height-default\" data-id=\"673ab42c\" data-element_type=\"section\" data-e-type=\"section\">\n\t\t\t\t\t\t<div class=\"elementor-container elementor-column-gap-default\">\n\t\t\t\t\t<div class=\"elementor-column elementor-col-100 elementor-top-column elementor-element elementor-element-2a13e898\" data-id=\"2a13e898\" data-element_type=\"column\" data-e-type=\"column\">\n\t\t\t<div class=\"elementor-widget-wrap elementor-element-populated\">\n\t\t\t\t\t\t<div class=\"elementor-element elementor-element-61583462 elementor-widget elementor-widget-heading\" data-id=\"61583462\" data-element_type=\"widget\" data-e-type=\"widget\" data-widget_type=\"heading.default\">\n\t\t\t\t<div class=\"elementor-widget-container\">\n\t\t\t\t\t<h1 class=\"elementor-heading-title elementor-size-default\">Akrylgolv<\/h1>\t\t\t\t<\/div>\n\t\t\t\t<\/div>\n\t\t\t\t<div class=\"elementor-element elementor-element-1787b4d elementor-widget elementor-widget-text-editor\" data-id=\"1787b4d\" data-element_type=\"widget\" data-e-type=\"widget\" data-widget_type=\"text-editor.default\">\n\t\t\t\t<div class=\"elementor-widget-container\">\n\t\t\t\t\t\t\t\t\t<p>Akrylbel\u00e4ggningen \u00e4r som gjord f\u00f6r de projekt d\u00e4r det m\u00e5ste g\u00e5 snabbt. Ibland finns inte tid att v\u00e4nta och efter akrylplastens applicering beh\u00f6ver ytan endast vila i tv\u00e5 timmar innan den kan anv\u00e4ndas. Liksom de andra bel\u00e4ggningstyperna \u00e4r akrylbel\u00e4ggningen rept\u00e5lig, l\u00e4ttst\u00e4dad och flexibel i f\u00e4rger och utf\u00f6randen. Akrylgolven passar i b\u00e5de publika och industriella milj\u00f6er.<\/p>\t\t\t\t\t\t\t\t<\/div>\n\t\t\t\t<\/div>\n\t\t\t\t<div class=\"elementor-element elementor-element-5996c17 elementor-widget elementor-widget-button\" data-id=\"5996c17\" data-element_type=\"widget\" data-e-type=\"widget\" data-widget_type=\"button.default\">\n\t\t\t\t<div class=\"elementor-widget-container\">\n\t\t\t\t\t\t\t\t\t<div class=\"elementor-button-wrapper\">\n\t\t\t\t\t<a class=\"elementor-button elementor-button-link elementor-size-md\" href=\"http:\/\/176.32.230.6\/heimdall.se\/offert\/\">\n\t\t\t\t\t\t<span class=\"elementor-button-content-wrapper\">\n\t\t\t\t\t\t<span class=\"elementor-button-icon\">\n\t\t\t\t<i aria-hidden=\"true\" class=\"fas fa-angle-double-right\"><\/i>\t\t\t<\/span>\n\t\t\t\t\t\t\t\t\t<span class=\"elementor-button-text\">Offertf\u00f6rfr\u00e5gan<\/span>\n\t\t\t\t\t<\/span>\n\t\t\t\t\t<\/a>\n\t\t\t\t<\/div>\n\t\t\t\t\t\t\t\t<\/div>\n\t\t\t\t<\/div>\n\t\t\t\t<div class=\"elementor-element elementor-element-13c83d51 elementor-widget elementor-widget-image\" data-id=\"13c83d51\" data-element_type=\"widget\" data-e-type=\"widget\" data-widget_type=\"image.default\">\n\t\t\t\t<div class=\"elementor-widget-container\">\n\t\t\t\t\t\t\t\t\t\t\t\t\t\t\t<img fetchpriority=\"high\" decoding=\"async\" width=\"682\" height=\"500\" src=\"http:\/\/176.32.230.6\/heimdall.se\/wp-content\/uploads\/2021\/11\/Massagolv-1.jpg\" class=\"attachment-large size-large wp-image-785\" alt=\"Massagolv heimdall\" srcset=\"http:\/\/176.32.230.6\/heimdall.se\/wp-content\/uploads\/2021\/11\/Massagolv-1.jpg 682w, http:\/\/176.32.230.6\/heimdall.se\/wp-content\/uploads\/2021\/11\/Massagolv-1-300x220.jpg 300w\" sizes=\"(max-width: 682px) 100vw, 682px\" \/>\t\t\t\t\t\t\t\t\t\t\t\t\t\t\t<\/div>\n\t\t\t\t<\/div>\n\t\t\t\t<div class=\"elementor-element elementor-element-103b7f3e elementor-widget elementor-widget-text-editor\" data-id=\"103b7f3e\" data-element_type=\"widget\" data-e-type=\"widget\" data-widget_type=\"text-editor.default\">\n\t\t\t\t<div class=\"elementor-widget-container\">\n\t\t\t\t\t\t\t\t\t<h2>F\u00f6rdelar med akryl<\/h2><p><strong>Snabb installation &#8211;\u00a0<\/strong>Efter l\u00e4ggning av akrylplast tar det i snitt enbart tv\u00e5 timmar innan du kan g\u00e5 p\u00e5 golvet. \u00c4r byggtiden extremt kort rekommenderar vi alltid akrylplast<br \/><br \/><b>Anpassade halkskydd &#8211;\u00a0<\/b>Beroende p\u00e5 vad det \u00e4r f\u00f6r milj\u00f6 golvet l\u00e4ggs i kan vi g\u00f6ra golven b\u00e5de sl\u00e4t och med struktur f\u00f6r halkskydd.\u00a0<br \/><br \/><strong>Flexibel design &#8211;\u00a0<\/strong>Tillg\u00e4ngligt i enorm m\u00e4ngd f\u00e4rger och utf\u00f6randen.\u00a0<br \/><br \/>Vi rekommenderar bland annat\u00a0<a href=\"http:\/\/www.flowcrete.se\/vaara-golvsystem\/duracon%C2%AE\/\">Flowcrete Duracon<\/a>\u00a0eller\u00a0<a href=\"http:\/\/swe.sika.com\/sv\/mf-flooring\/sika-flooring-and-coating-solutions\/02a004\/02a004sa33\/02a004ssa36\/02a004ssa36100\/02a004ssa36104.html\">Sikafloor Pronto<\/a>.<\/p>\t\t\t\t\t\t\t\t<\/div>\n\t\t\t\t<\/div>\n\t\t\t\t\t<\/div>\n\t\t<\/div>\n\t\t\t\t\t<\/div>\n\t\t<\/section>\n\t\t\t\t<\/div>\n\t\t","protected":false},"excerpt":{"rendered":"<p>Akrylgolv Akrylbel\u00e4ggningen \u00e4r som gjord f\u00f6r de projekt d\u00e4r det m\u00e5ste g\u00e5 snabbt. Ibland finns inte tid att v\u00e4nta och efter akrylplastens applicering beh\u00f6ver ytan endast vila i tv\u00e5 timmar innan den kan anv\u00e4ndas. Liksom de andra bel\u00e4ggningstyperna \u00e4r akrylbel\u00e4ggningen rept\u00e5lig, l\u00e4ttst\u00e4dad och flexibel i f\u00e4rger och utf\u00f6randen. Akrylgolven passar i b\u00e5de publika och industriella [&hellip;]<\/p>\n","protected":false},"author":3,"featured_media":0,"parent":0,"menu_order":0,"comment_status":"closed","ping_status":"closed","template":"elementor_header_footer","meta":{"footnotes":""},"class_list":["post-1419","page","type-page","status-publish","hentry"],"_links":{"self":[{"href":"http:\/\/176.32.230.6\/heimdall.se\/wp-json\/wp\/v2\/pages\/1419","targetHints":{"allow":["GET"]}}],"collection":[{"href":"http:\/\/176.32.230.6\/heimdall.se\/wp-json\/wp\/v2\/pages"}],"about":[{"href":"http:\/\/176.32.230.6\/heimdall.se\/wp-json\/wp\/v2\/types\/page"}],"author":[{"embeddable":true,"href":"http:\/\/176.32.230.6\/heimdall.se\/wp-json\/wp\/v2\/users\/3"}],"replies":[{"embeddable":true,"href":"http:\/\/176.32.230.6\/heimdall.se\/wp-json\/wp\/v2\/comments?post=1419"}],"version-history":[{"count":10,"href":"http:\/\/176.32.230.6\/heimdall.se\/wp-json\/wp\/v2\/pages\/1419\/revisions"}],"predecessor-version":[{"id":1849,"href":"http:\/\/176.32.230.6\/heimdall.se\/wp-json\/wp\/v2\/pages\/1419\/revisions\/1849"}],"wp:attachment":[{"href":"http:\/\/176.32.230.6\/heimdall.se\/wp-json\/wp\/v2\/media?parent=1419"}],"curies":[{"name":"wp","href":"https:\/\/api.w.org\/{rel}","templated":true}]}}