{"id":1394,"date":"2022-08-11T09:00:20","date_gmt":"2022-08-11T09:00:20","guid":{"rendered":"http:\/\/176.32.230.6\/heimdall.se\/?page_id=1394"},"modified":"2023-01-31T13:38:48","modified_gmt":"2023-01-31T13:38:48","slug":"epoxigolv","status":"publish","type":"page","link":"http:\/\/176.32.230.6\/heimdall.se\/epoxigolv\/","title":{"rendered":"Epoxigolv"},"content":{"rendered":"\t\t<div data-elementor-type=\"wp-page\" data-elementor-id=\"1394\" class=\"elementor elementor-1394\">\n\t\t\t\t\t\t<section class=\"elementor-section elementor-top-section elementor-element elementor-element-1ee8bcfe elementor-section-boxed elementor-section-height-default elementor-section-height-default\" data-id=\"1ee8bcfe\" data-element_type=\"section\" data-e-type=\"section\">\n\t\t\t\t\t\t<div class=\"elementor-container elementor-column-gap-default\">\n\t\t\t\t\t<div class=\"elementor-column elementor-col-100 elementor-top-column elementor-element elementor-element-59db4a83\" data-id=\"59db4a83\" data-element_type=\"column\" data-e-type=\"column\">\n\t\t\t<div class=\"elementor-widget-wrap elementor-element-populated\">\n\t\t\t\t\t\t<div class=\"elementor-element elementor-element-42cacd4d elementor-widget elementor-widget-heading\" data-id=\"42cacd4d\" data-element_type=\"widget\" data-e-type=\"widget\" data-widget_type=\"heading.default\">\n\t\t\t\t<div class=\"elementor-widget-container\">\n\t\t\t\t\t<h1 class=\"elementor-heading-title elementor-size-default\">Epoxigolv<\/h1>\t\t\t\t<\/div>\n\t\t\t\t<\/div>\n\t\t\t\t<div class=\"elementor-element elementor-element-610619ef elementor-widget elementor-widget-text-editor\" data-id=\"610619ef\" data-element_type=\"widget\" data-e-type=\"widget\" data-widget_type=\"text-editor.default\">\n\t\t\t\t<div class=\"elementor-widget-container\">\n\t\t\t\t\t\t\t\t\t<p>Epoxibel\u00e4ggning \u00e4r v\u00e5rt vanligaste massagolv och vi f\u00e5r ofta uppdraget att bel\u00e4gga befintlig golvyta med epoxi. Anledningen till att epoxin \u00e4r popul\u00e4r \u00e4r att produktgruppen har en stor variation i b\u00e5de egenskaper och funktion. Golvet kan exempelvis g\u00f6ras sl\u00e4tt och blank eller matt med halkskydd och dessutom anpassas f\u00f6r renrum. Vilken typ av epoxibel\u00e4ggning som ska l\u00e4ggas beror i h\u00f6gsta grad p\u00e5 i vilken milj\u00f6 golvet l\u00e4ggs.<\/p><p>Epoxibel\u00e4ggning \u00e4r oavsett golvtyp en flerstegsprocess och inleds med slipning och reng\u00f6ring av den ursprungliga golvytan. D\u00e4refter finns det m\u00e4ngder av alternativ och de tv\u00e5 vanligaste \u00e4r Compactgolv och sj\u00e4lvnivellerande bel\u00e4ggning.<\/p>\t\t\t\t\t\t\t\t<\/div>\n\t\t\t\t<\/div>\n\t\t\t\t<div class=\"elementor-element elementor-element-6cabd63 elementor-widget elementor-widget-button\" data-id=\"6cabd63\" data-element_type=\"widget\" data-e-type=\"widget\" data-widget_type=\"button.default\">\n\t\t\t\t<div class=\"elementor-widget-container\">\n\t\t\t\t\t\t\t\t\t<div class=\"elementor-button-wrapper\">\n\t\t\t\t\t<a class=\"elementor-button elementor-button-link elementor-size-md\" href=\"http:\/\/176.32.230.6\/heimdall.se\/offert\/\">\n\t\t\t\t\t\t<span class=\"elementor-button-content-wrapper\">\n\t\t\t\t\t\t<span class=\"elementor-button-icon\">\n\t\t\t\t<i aria-hidden=\"true\" class=\"fas fa-angle-double-right\"><\/i>\t\t\t<\/span>\n\t\t\t\t\t\t\t\t\t<span class=\"elementor-button-text\">Offertf\u00f6rfr\u00e5gan<\/span>\n\t\t\t\t\t<\/span>\n\t\t\t\t\t<\/a>\n\t\t\t\t<\/div>\n\t\t\t\t\t\t\t\t<\/div>\n\t\t\t\t<\/div>\n\t\t\t\t<div class=\"elementor-element elementor-element-3048b791 elementor-widget elementor-widget-image\" data-id=\"3048b791\" data-element_type=\"widget\" data-e-type=\"widget\" data-widget_type=\"image.default\">\n\t\t\t\t<div class=\"elementor-widget-container\">\n\t\t\t\t\t\t\t\t\t\t\t\t\t\t\t<img fetchpriority=\"high\" decoding=\"async\" width=\"800\" height=\"600\" src=\"http:\/\/176.32.230.6\/heimdall.se\/wp-content\/uploads\/2022\/08\/epoxigolv-heimdall-ab.jpg\" class=\"attachment-large size-large wp-image-1399\" alt=\"epoxigolv heimdall ab\" srcset=\"http:\/\/176.32.230.6\/heimdall.se\/wp-content\/uploads\/2022\/08\/epoxigolv-heimdall-ab.jpg 1024w, http:\/\/176.32.230.6\/heimdall.se\/wp-content\/uploads\/2022\/08\/epoxigolv-heimdall-ab-300x225.jpg 300w, http:\/\/176.32.230.6\/heimdall.se\/wp-content\/uploads\/2022\/08\/epoxigolv-heimdall-ab-768x576.jpg 768w\" sizes=\"(max-width: 800px) 100vw, 800px\" \/>\t\t\t\t\t\t\t\t\t\t\t\t\t\t\t<\/div>\n\t\t\t\t<\/div>\n\t\t\t\t<div class=\"elementor-element elementor-element-98f6a16 elementor-widget elementor-widget-gallery\" data-id=\"98f6a16\" data-element_type=\"widget\" data-e-type=\"widget\" data-settings=\"{&quot;columns_mobile&quot;:2,&quot;columns&quot;:3,&quot;columns_tablet&quot;:3,&quot;lazyload&quot;:&quot;yes&quot;,&quot;gallery_layout&quot;:&quot;grid&quot;,&quot;gap&quot;:{&quot;unit&quot;:&quot;px&quot;,&quot;size&quot;:10,&quot;sizes&quot;:[]},&quot;gap_tablet&quot;:{&quot;unit&quot;:&quot;px&quot;,&quot;size&quot;:10,&quot;sizes&quot;:[]},&quot;gap_mobile&quot;:{&quot;unit&quot;:&quot;px&quot;,&quot;size&quot;:10,&quot;sizes&quot;:[]},&quot;link_to&quot;:&quot;file&quot;,&quot;aspect_ratio&quot;:&quot;3:2&quot;,&quot;content_hover_animation&quot;:&quot;fade-in&quot;}\" data-widget_type=\"gallery.default\">\n\t\t\t\t<div class=\"elementor-widget-container\">\n\t\t\t\t\t\t\t<div class=\"elementor-gallery__container\">\n\t\t\t\t\t\t\t<a class=\"e-gallery-item elementor-gallery-item elementor-animated-content\" href=\"http:\/\/176.32.230.6\/heimdall.se\/wp-content\/uploads\/2022\/08\/820.jpg\" data-elementor-open-lightbox=\"yes\" data-elementor-lightbox-slideshow=\"all-98f6a16\" data-e-action-hash=\"#elementor-action%3Aaction%3Dlightbox%26settings%3DeyJpZCI6MTQwMCwidXJsIjoiaHR0cDpcL1wvMTc2LjMyLjIzMC42XC9oZWltZGFsbC5zZVwvd3AtY29udGVudFwvdXBsb2Fkc1wvMjAyMlwvMDhcLzgyMC5qcGciLCJzbGlkZXNob3ciOiJhbGwtOThmNmExNiJ9\">\n\t\t\t\t\t<div class=\"e-gallery-image elementor-gallery-item__image\" data-thumbnail=\"http:\/\/176.32.230.6\/heimdall.se\/wp-content\/uploads\/2022\/08\/820-300x200.jpg\" data-width=\"300\" data-height=\"200\" alt=\"\" ><\/div>\n\t\t\t\t\t\t\t\t\t\t\t\t\t\t<\/a>\n\t\t\t\t\t\t\t<a class=\"e-gallery-item elementor-gallery-item elementor-animated-content\" href=\"http:\/\/176.32.230.6\/heimdall.se\/wp-content\/uploads\/2022\/08\/821.jpg\" data-elementor-open-lightbox=\"yes\" data-elementor-lightbox-slideshow=\"all-98f6a16\" data-e-action-hash=\"#elementor-action%3Aaction%3Dlightbox%26settings%3DeyJpZCI6MTQwMSwidXJsIjoiaHR0cDpcL1wvMTc2LjMyLjIzMC42XC9oZWltZGFsbC5zZVwvd3AtY29udGVudFwvdXBsb2Fkc1wvMjAyMlwvMDhcLzgyMS5qcGciLCJzbGlkZXNob3ciOiJhbGwtOThmNmExNiJ9\">\n\t\t\t\t\t<div class=\"e-gallery-image elementor-gallery-item__image\" data-thumbnail=\"http:\/\/176.32.230.6\/heimdall.se\/wp-content\/uploads\/2022\/08\/821-243x300.jpg\" data-width=\"243\" data-height=\"300\" alt=\"\" ><\/div>\n\t\t\t\t\t\t\t\t\t\t\t\t\t\t<\/a>\n\t\t\t\t\t\t\t<a class=\"e-gallery-item elementor-gallery-item elementor-animated-content\" href=\"http:\/\/176.32.230.6\/heimdall.se\/wp-content\/uploads\/2022\/08\/822.jpg\" data-elementor-open-lightbox=\"yes\" data-elementor-lightbox-slideshow=\"all-98f6a16\" data-e-action-hash=\"#elementor-action%3Aaction%3Dlightbox%26settings%3DeyJpZCI6MTQwMiwidXJsIjoiaHR0cDpcL1wvMTc2LjMyLjIzMC42XC9oZWltZGFsbC5zZVwvd3AtY29udGVudFwvdXBsb2Fkc1wvMjAyMlwvMDhcLzgyMi5qcGciLCJzbGlkZXNob3ciOiJhbGwtOThmNmExNiJ9\">\n\t\t\t\t\t<div class=\"e-gallery-image elementor-gallery-item__image\" data-thumbnail=\"http:\/\/176.32.230.6\/heimdall.se\/wp-content\/uploads\/2022\/08\/822-300x225.jpg\" data-width=\"300\" data-height=\"225\" alt=\"\" ><\/div>\n\t\t\t\t\t\t\t\t\t\t\t\t\t\t<\/a>\n\t\t\t\t\t<\/div>\n\t\t\t\t\t<\/div>\n\t\t\t\t<\/div>\n\t\t\t\t<div class=\"elementor-element elementor-element-26a31a48 elementor-widget elementor-widget-text-editor\" data-id=\"26a31a48\" data-element_type=\"widget\" data-e-type=\"widget\" data-widget_type=\"text-editor.default\">\n\t\t\t\t<div class=\"elementor-widget-container\">\n\t\t\t\t\t\t\t\t\t<h2>F\u00f6rdelar<\/h2><p>Nedanst\u00e5ende f\u00f6rdelar \u00e4r generella och valet av golvsystem b\u00f6r anpassas till vilken inomhusmilj\u00f6 det r\u00f6r. L\u00e4s om vilka golv vi rekommenderar f\u00f6r hem, publika och industriella milj\u00f6er p\u00e5 l\u00e4nkarna l\u00e4ngst ner p\u00e5 sidan.\u00a0<\/p><ul><li><b>T\u00e5l h\u00f6g kemisk, termisk och mekanisk belastning.<\/b><\/li><li><b>L\u00e5ga VOC och AMC- utsl\u00e4pp.\u00a0<\/b><\/li><li><b>Flexibel i f\u00e4rg och design.\u00a0<\/b><\/li><li><b>Anpassningsbar struktur f\u00f6r halkskydd.<\/b><\/li><\/ul><p>\u00a0<\/p><p>Bland v\u00e5ra favoriter finns Sikafloor Compact\u00a0och<a href=\"http:\/\/www.flowcrete.se\/vaara-golvsystem\/peran\/\">\u00a0<\/a>Flowcrete Peran STB Compact.<\/p>\t\t\t\t\t\t\t\t<\/div>\n\t\t\t\t<\/div>\n\t\t\t\t\t<\/div>\n\t\t<\/div>\n\t\t\t\t\t<\/div>\n\t\t<\/section>\n\t\t\t\t<\/div>\n\t\t","protected":false},"excerpt":{"rendered":"<p>Epoxigolv Epoxibel\u00e4ggning \u00e4r v\u00e5rt vanligaste massagolv och vi f\u00e5r ofta uppdraget att bel\u00e4gga befintlig golvyta med epoxi. Anledningen till att epoxin \u00e4r popul\u00e4r \u00e4r att produktgruppen har en stor variation i b\u00e5de egenskaper och funktion. Golvet kan exempelvis g\u00f6ras sl\u00e4tt och blank eller matt med halkskydd och dessutom anpassas f\u00f6r renrum. Vilken typ av epoxibel\u00e4ggning [&hellip;]<\/p>\n","protected":false},"author":3,"featured_media":0,"parent":0,"menu_order":0,"comment_status":"closed","ping_status":"closed","template":"elementor_header_footer","meta":{"footnotes":""},"class_list":["post-1394","page","type-page","status-publish","hentry"],"_links":{"self":[{"href":"http:\/\/176.32.230.6\/heimdall.se\/wp-json\/wp\/v2\/pages\/1394","targetHints":{"allow":["GET"]}}],"collection":[{"href":"http:\/\/176.32.230.6\/heimdall.se\/wp-json\/wp\/v2\/pages"}],"about":[{"href":"http:\/\/176.32.230.6\/heimdall.se\/wp-json\/wp\/v2\/types\/page"}],"author":[{"embeddable":true,"href":"http:\/\/176.32.230.6\/heimdall.se\/wp-json\/wp\/v2\/users\/3"}],"replies":[{"embeddable":true,"href":"http:\/\/176.32.230.6\/heimdall.se\/wp-json\/wp\/v2\/comments?post=1394"}],"version-history":[{"count":13,"href":"http:\/\/176.32.230.6\/heimdall.se\/wp-json\/wp\/v2\/pages\/1394\/revisions"}],"predecessor-version":[{"id":1846,"href":"http:\/\/176.32.230.6\/heimdall.se\/wp-json\/wp\/v2\/pages\/1394\/revisions\/1846"}],"wp:attachment":[{"href":"http:\/\/176.32.230.6\/heimdall.se\/wp-json\/wp\/v2\/media?parent=1394"}],"curies":[{"name":"wp","href":"https:\/\/api.w.org\/{rel}","templated":true}]}}