{"id":1323,"date":"2022-08-10T13:34:44","date_gmt":"2022-08-10T13:34:44","guid":{"rendered":"http:\/\/176.32.230.6\/heimdall.se\/?page_id=1323"},"modified":"2023-01-31T13:27:16","modified_gmt":"2023-01-31T13:27:16","slug":"htc-twister","status":"publish","type":"page","link":"http:\/\/176.32.230.6\/heimdall.se\/htc-twister\/","title":{"rendered":"HTC Twister"},"content":{"rendered":"\t\t<div data-elementor-type=\"wp-page\" data-elementor-id=\"1323\" class=\"elementor elementor-1323\">\n\t\t\t\t\t\t<section class=\"elementor-section elementor-top-section elementor-element elementor-element-558429c2 elementor-section-boxed elementor-section-height-default elementor-section-height-default\" data-id=\"558429c2\" data-element_type=\"section\" data-e-type=\"section\">\n\t\t\t\t\t\t<div class=\"elementor-container elementor-column-gap-default\">\n\t\t\t\t\t<div class=\"elementor-column elementor-col-100 elementor-top-column elementor-element elementor-element-5c108aff\" data-id=\"5c108aff\" data-element_type=\"column\" data-e-type=\"column\">\n\t\t\t<div class=\"elementor-widget-wrap elementor-element-populated\">\n\t\t\t\t\t\t<div class=\"elementor-element elementor-element-60a35468 elementor-widget elementor-widget-heading\" data-id=\"60a35468\" data-element_type=\"widget\" data-e-type=\"widget\" data-widget_type=\"heading.default\">\n\t\t\t\t<div class=\"elementor-widget-container\">\n\t\t\t\t\t<h1 class=\"elementor-heading-title elementor-size-default\">HTC Twister\u2122<\/h1>\t\t\t\t<\/div>\n\t\t\t\t<\/div>\n\t\t\t\t<div class=\"elementor-element elementor-element-4fed2151 elementor-widget elementor-widget-text-editor\" data-id=\"4fed2151\" data-element_type=\"widget\" data-e-type=\"widget\" data-widget_type=\"text-editor.default\">\n\t\t\t\t<div class=\"elementor-widget-container\">\n\t\t\t\t\t\t\t\t\t<p>Reng\u00f6ringssystemet Twister\u2122 \u00e4r en revolution\u00e4r men enkel id\u00e9. HTC Floorsystems har tagit traditionella st\u00e4drondeller och f\u00f6rst\u00e4rkt dem med miljarder artificiella diamanter.<\/p><p>Det g\u00f6r att Twister \u00e4rdet b\u00e4sta reng\u00f6ringssystemet f\u00f6r slitstarka kommersiella och industriella golv eftersom det f\u00f6rutom att g\u00f6ra rent \u00e4ven polerar golvet. Det g\u00f6r att golvet bibeh\u00e5ller sin glans och f\u00f6rb\u00e4ttrar inomhusmilj\u00f6n. L\u00e5t s\u00e4ga att du \u00e4r fastighets\u00e4gare till en galleria eller en industrilokal och har stora ytor med betonggolv eller dylikt, d\u00e5 fungerar sannolikt inte ditt nuvarande reng\u00f6ringssystem eftersom de flesta system g\u00f6r att golvet f\u00f6rlorar sitt orginalutseende \u00f6ver tid. D\u00e4rf\u00f6r \u00e4r HTC Twister\u2122 revolutionerande f\u00f6r dig och din golvv\u00e5rd. <\/p>\t\t\t\t\t\t\t\t<\/div>\n\t\t\t\t<\/div>\n\t\t\t\t<div class=\"elementor-element elementor-element-ea1d4f3 elementor-widget elementor-widget-button\" data-id=\"ea1d4f3\" data-element_type=\"widget\" data-e-type=\"widget\" data-widget_type=\"button.default\">\n\t\t\t\t<div class=\"elementor-widget-container\">\n\t\t\t\t\t\t\t\t\t<div class=\"elementor-button-wrapper\">\n\t\t\t\t\t<a class=\"elementor-button elementor-button-link elementor-size-md\" href=\"http:\/\/176.32.230.6\/heimdall.se\/offert\/\">\n\t\t\t\t\t\t<span class=\"elementor-button-content-wrapper\">\n\t\t\t\t\t\t<span class=\"elementor-button-icon\">\n\t\t\t\t<i aria-hidden=\"true\" class=\"fas fa-angle-double-right\"><\/i>\t\t\t<\/span>\n\t\t\t\t\t\t\t\t\t<span class=\"elementor-button-text\">Offertf\u00f6rfr\u00e5gan<\/span>\n\t\t\t\t\t<\/span>\n\t\t\t\t\t<\/a>\n\t\t\t\t<\/div>\n\t\t\t\t\t\t\t\t<\/div>\n\t\t\t\t<\/div>\n\t\t\t\t<div class=\"elementor-element elementor-element-1bc0cba3 elementor-widget elementor-widget-image\" data-id=\"1bc0cba3\" data-element_type=\"widget\" data-e-type=\"widget\" data-widget_type=\"image.default\">\n\t\t\t\t<div class=\"elementor-widget-container\">\n\t\t\t\t\t\t\t\t\t\t\t\t\t\t\t<img fetchpriority=\"high\" decoding=\"async\" width=\"700\" height=\"394\" src=\"http:\/\/176.32.230.6\/heimdall.se\/wp-content\/uploads\/2022\/08\/HTC-Twister-Heimdall.jpg\" class=\"attachment-large size-large wp-image-1360\" alt=\"HTC-Twister-Heimdall\" srcset=\"http:\/\/176.32.230.6\/heimdall.se\/wp-content\/uploads\/2022\/08\/HTC-Twister-Heimdall.jpg 700w, http:\/\/176.32.230.6\/heimdall.se\/wp-content\/uploads\/2022\/08\/HTC-Twister-Heimdall-300x169.jpg 300w\" sizes=\"(max-width: 700px) 100vw, 700px\" \/>\t\t\t\t\t\t\t\t\t\t\t\t\t\t\t<\/div>\n\t\t\t\t<\/div>\n\t\t\t\t\t<\/div>\n\t\t<\/div>\n\t\t\t\t\t<\/div>\n\t\t<\/section>\n\t\t\t\t<\/div>\n\t\t","protected":false},"excerpt":{"rendered":"<p>HTC Twister\u2122 Reng\u00f6ringssystemet Twister\u2122 \u00e4r en revolution\u00e4r men enkel id\u00e9. HTC Floorsystems har tagit traditionella st\u00e4drondeller och f\u00f6rst\u00e4rkt dem med miljarder artificiella diamanter. Det g\u00f6r att Twister \u00e4rdet b\u00e4sta reng\u00f6ringssystemet f\u00f6r slitstarka kommersiella och industriella golv eftersom det f\u00f6rutom att g\u00f6ra rent \u00e4ven polerar golvet. Det g\u00f6r att golvet bibeh\u00e5ller sin glans och f\u00f6rb\u00e4ttrar inomhusmilj\u00f6n. [&hellip;]<\/p>\n","protected":false},"author":3,"featured_media":0,"parent":0,"menu_order":0,"comment_status":"closed","ping_status":"closed","template":"elementor_header_footer","meta":{"footnotes":""},"class_list":["post-1323","page","type-page","status-publish","hentry"],"_links":{"self":[{"href":"http:\/\/176.32.230.6\/heimdall.se\/wp-json\/wp\/v2\/pages\/1323","targetHints":{"allow":["GET"]}}],"collection":[{"href":"http:\/\/176.32.230.6\/heimdall.se\/wp-json\/wp\/v2\/pages"}],"about":[{"href":"http:\/\/176.32.230.6\/heimdall.se\/wp-json\/wp\/v2\/types\/page"}],"author":[{"embeddable":true,"href":"http:\/\/176.32.230.6\/heimdall.se\/wp-json\/wp\/v2\/users\/3"}],"replies":[{"embeddable":true,"href":"http:\/\/176.32.230.6\/heimdall.se\/wp-json\/wp\/v2\/comments?post=1323"}],"version-history":[{"count":7,"href":"http:\/\/176.32.230.6\/heimdall.se\/wp-json\/wp\/v2\/pages\/1323\/revisions"}],"predecessor-version":[{"id":1839,"href":"http:\/\/176.32.230.6\/heimdall.se\/wp-json\/wp\/v2\/pages\/1323\/revisions\/1839"}],"wp:attachment":[{"href":"http:\/\/176.32.230.6\/heimdall.se\/wp-json\/wp\/v2\/media?parent=1323"}],"curies":[{"name":"wp","href":"https:\/\/api.w.org\/{rel}","templated":true}]}}