{"id":1321,"date":"2022-08-10T13:34:11","date_gmt":"2022-08-10T13:34:11","guid":{"rendered":"http:\/\/176.32.230.6\/heimdall.se\/?page_id=1321"},"modified":"2023-11-13T12:45:05","modified_gmt":"2023-11-13T12:45:05","slug":"husqvarna-superfloor","status":"publish","type":"page","link":"http:\/\/176.32.230.6\/heimdall.se\/husqvarna-superfloor\/","title":{"rendered":"Husqvarna Superfloor"},"content":{"rendered":"\t\t<div data-elementor-type=\"wp-page\" data-elementor-id=\"1321\" class=\"elementor elementor-1321\">\n\t\t\t\t\t\t<section class=\"elementor-section elementor-top-section elementor-element elementor-element-66e51dc elementor-section-boxed elementor-section-height-default elementor-section-height-default\" data-id=\"66e51dc\" data-element_type=\"section\" data-e-type=\"section\">\n\t\t\t\t\t\t<div class=\"elementor-container elementor-column-gap-default\">\n\t\t\t\t\t<div class=\"elementor-column elementor-col-100 elementor-top-column elementor-element elementor-element-31fc0086\" data-id=\"31fc0086\" data-element_type=\"column\" data-e-type=\"column\">\n\t\t\t<div class=\"elementor-widget-wrap elementor-element-populated\">\n\t\t\t\t\t\t<div class=\"elementor-element elementor-element-6bba8300 elementor-widget elementor-widget-heading\" data-id=\"6bba8300\" data-element_type=\"widget\" data-e-type=\"widget\" data-widget_type=\"heading.default\">\n\t\t\t\t<div class=\"elementor-widget-container\">\n\t\t\t\t\t<h1 class=\"elementor-heading-title elementor-size-default\">Superfloor\u00ae<\/h1>\t\t\t\t<\/div>\n\t\t\t\t<\/div>\n\t\t\t\t<div class=\"elementor-element elementor-element-11781a2d elementor-widget elementor-widget-text-editor\" data-id=\"11781a2d\" data-element_type=\"widget\" data-e-type=\"widget\" data-widget_type=\"text-editor.default\">\n\t\t\t\t<div class=\"elementor-widget-container\">\n\t\t\t\t\t\t\t\t\tHusqvarna Superfloor\u00ae \u00e4r ett varum\u00e4rkesskyddat system f\u00f6r slipning och polering av betonggolv. F\u00f6r att n\u00e5 \u00f6nskad niv\u00e5 anv\u00e4nds diamantverktyg f\u00f6r att f\u00f6rst grovslipa och sedan polera golvet. De fyra slipkoncepten \u00e4r Superfloor Platinum, Superfloor Silver, Superfloor Gold samt Superfloor Satin. Det finns \u00e4ven ett koncept som heter Superfloor Bronze (bronze st\u00e4ller v\u00e4ldigt h\u00f6ga krav p\u00e5 betong gjutningen)  Koncepten representerar olika typer av glansv\u00e4rde d\u00e4r Platinum och Gold \u00e4r h\u00f6gblankt och Silver och Satin \u00e4r en relativt matt yta.\t\t\t\t\t\t\t\t<\/div>\n\t\t\t\t<\/div>\n\t\t\t\t<div class=\"elementor-element elementor-element-fc2fcf8 elementor-widget elementor-widget-button\" data-id=\"fc2fcf8\" data-element_type=\"widget\" data-e-type=\"widget\" data-widget_type=\"button.default\">\n\t\t\t\t<div class=\"elementor-widget-container\">\n\t\t\t\t\t\t\t\t\t<div class=\"elementor-button-wrapper\">\n\t\t\t\t\t<a class=\"elementor-button elementor-button-link elementor-size-md\" href=\"http:\/\/176.32.230.6\/heimdall.se\/offert\/\">\n\t\t\t\t\t\t<span class=\"elementor-button-content-wrapper\">\n\t\t\t\t\t\t<span class=\"elementor-button-icon\">\n\t\t\t\t<i aria-hidden=\"true\" class=\"fas fa-angle-double-right\"><\/i>\t\t\t<\/span>\n\t\t\t\t\t\t\t\t\t<span class=\"elementor-button-text\">Offertf\u00f6rfr\u00e5gan<\/span>\n\t\t\t\t\t<\/span>\n\t\t\t\t\t<\/a>\n\t\t\t\t<\/div>\n\t\t\t\t\t\t\t\t<\/div>\n\t\t\t\t<\/div>\n\t\t\t\t<div class=\"elementor-element elementor-element-16399add elementor-widget elementor-widget-image\" data-id=\"16399add\" data-element_type=\"widget\" data-e-type=\"widget\" data-widget_type=\"image.default\">\n\t\t\t\t<div class=\"elementor-widget-container\">\n\t\t\t\t\t\t\t\t\t\t\t\t\t\t\t<img fetchpriority=\"high\" decoding=\"async\" width=\"800\" height=\"534\" src=\"http:\/\/176.32.230.6\/heimdall.se\/wp-content\/uploads\/2022\/08\/HiPERFLOOR-heimdall.jpg\" class=\"attachment-large size-large wp-image-1347\" alt=\"HiPERFLOOR heimdall\" srcset=\"http:\/\/176.32.230.6\/heimdall.se\/wp-content\/uploads\/2022\/08\/HiPERFLOOR-heimdall.jpg 1024w, http:\/\/176.32.230.6\/heimdall.se\/wp-content\/uploads\/2022\/08\/HiPERFLOOR-heimdall-300x200.jpg 300w, http:\/\/176.32.230.6\/heimdall.se\/wp-content\/uploads\/2022\/08\/HiPERFLOOR-heimdall-768x512.jpg 768w\" sizes=\"(max-width: 800px) 100vw, 800px\" \/>\t\t\t\t\t\t\t\t\t\t\t\t\t\t\t<\/div>\n\t\t\t\t<\/div>\n\t\t\t\t<div class=\"elementor-element elementor-element-3b3abf55 elementor-widget elementor-widget-text-editor\" data-id=\"3b3abf55\" data-element_type=\"widget\" data-e-type=\"widget\" data-widget_type=\"text-editor.default\">\n\t\t\t\t<div class=\"elementor-widget-container\">\n\t\t\t\t\t\t\t\t\t<p><a href=\"https:\/\/www.husqvarnaconstruction.com\/se\/golvlosningar\/superfloor\/\" target=\"_blank\" rel=\"noopener\">H\u00e4r kan du l\u00e4sa mer om Superfloor\u00ae p\u00e5 Husqvarnas egen hemsida.\u00a0<\/a><\/p>\t\t\t\t\t\t\t\t<\/div>\n\t\t\t\t<\/div>\n\t\t\t\t\t<\/div>\n\t\t<\/div>\n\t\t\t\t\t<\/div>\n\t\t<\/section>\n\t\t\t\t<\/div>\n\t\t","protected":false},"excerpt":{"rendered":"<p>Superfloor\u00ae Husqvarna Superfloor\u00ae \u00e4r ett varum\u00e4rkesskyddat system f\u00f6r slipning och polering av betonggolv. F\u00f6r att n\u00e5 \u00f6nskad niv\u00e5 anv\u00e4nds diamantverktyg f\u00f6r att f\u00f6rst grovslipa och sedan polera golvet. De fyra slipkoncepten \u00e4r Superfloor Platinum, Superfloor Silver, Superfloor Gold samt Superfloor Satin. Det finns \u00e4ven ett koncept som heter Superfloor Bronze (bronze st\u00e4ller v\u00e4ldigt h\u00f6ga krav [&hellip;]<\/p>\n","protected":false},"author":3,"featured_media":0,"parent":0,"menu_order":0,"comment_status":"closed","ping_status":"closed","template":"elementor_header_footer","meta":{"footnotes":""},"class_list":["post-1321","page","type-page","status-publish","hentry"],"_links":{"self":[{"href":"http:\/\/176.32.230.6\/heimdall.se\/wp-json\/wp\/v2\/pages\/1321","targetHints":{"allow":["GET"]}}],"collection":[{"href":"http:\/\/176.32.230.6\/heimdall.se\/wp-json\/wp\/v2\/pages"}],"about":[{"href":"http:\/\/176.32.230.6\/heimdall.se\/wp-json\/wp\/v2\/types\/page"}],"author":[{"embeddable":true,"href":"http:\/\/176.32.230.6\/heimdall.se\/wp-json\/wp\/v2\/users\/3"}],"replies":[{"embeddable":true,"href":"http:\/\/176.32.230.6\/heimdall.se\/wp-json\/wp\/v2\/comments?post=1321"}],"version-history":[{"count":25,"href":"http:\/\/176.32.230.6\/heimdall.se\/wp-json\/wp\/v2\/pages\/1321\/revisions"}],"predecessor-version":[{"id":2611,"href":"http:\/\/176.32.230.6\/heimdall.se\/wp-json\/wp\/v2\/pages\/1321\/revisions\/2611"}],"wp:attachment":[{"href":"http:\/\/176.32.230.6\/heimdall.se\/wp-json\/wp\/v2\/media?parent=1321"}],"curies":[{"name":"wp","href":"https:\/\/api.w.org\/{rel}","templated":true}]}}